{"id":995,"date":"2016-09-24T17:26:39","date_gmt":"2016-09-24T17:26:39","guid":{"rendered":"https:\/\/www.asisges.com\/pt-pt\/?page_id=995"},"modified":"2020-10-29T09:25:00","modified_gmt":"2020-10-29T09:25:00","slug":"trabalhadores","status":"publish","type":"page","link":"https:\/\/www.asisges.com\/pt-pt\/trabalhadores\/","title":{"rendered":"Gest\u00e3o de Trabalhadores"},"content":{"rendered":"<p><div class=\"fusion-fullwidth fullwidth-box fusion-builder-row-1 nonhundred-percent-fullwidth non-hundred-percent-height-scrolling\" style=\"--awb-background-position:left top;--awb-border-sizes-top:0px;--awb-border-sizes-bottom:0px;--awb-border-sizes-left:0px;--awb-border-sizes-right:0px;--awb-border-radius-top-left:0px;--awb-border-radius-top-right:0px;--awb-border-radius-bottom-right:0px;--awb-border-radius-bottom-left:0px;--awb-padding-top:20px;--awb-padding-bottom:20px;--awb-flex-wrap:wrap;\" ><div class=\"fusion-builder-row fusion-row\"><div class=\"fusion-layout-column fusion_builder_column fusion-builder-column-0 fusion_builder_column_1_1 1_1 fusion-one-full fusion-column-first fusion-column-last fusion-column-no-min-height\" style=\"--awb-bg-size:cover;--awb-margin-bottom:0px;\"><div class=\"fusion-column-wrapper fusion-flex-column-wrapper-legacy\"><div class=\"fusion-text fusion-text-1\"><p>Cada trabalhador tem um turno de trabalho di\u00e1rio. O turno \u00e9 o hor\u00e1rio em que est\u00e1 dispon\u00edvel diariamente para prestar servi\u00e7os \u00e0queles atendidos pela empresa.<br \/>\nNesse turno, a empresa organiza um itiner\u00e1rio di\u00e1rio ou uma rota de trabalho, que consiste na lista de tarefas a serem realizadas com as horas de entrada organizadas com os clientes e a dura\u00e7\u00e3o contratada de cada servi\u00e7o.<br \/>\nO conjunto de planos de servi\u00e7o para uma semana, pode ser agrupado em um template, que \u00e9 carregado automaticamente para cada semana e profissional, na semana anterior.<\/p>\n<\/div><div class=\"fusion-image-element in-legacy-container\" style=\"--awb-caption-title-font-family:var(--h2_typography-font-family);--awb-caption-title-font-weight:var(--h2_typography-font-weight);--awb-caption-title-font-style:var(--h2_typography-font-style);--awb-caption-title-size:var(--h2_typography-font-size);--awb-caption-title-transform:var(--h2_typography-text-transform);--awb-caption-title-line-height:var(--h2_typography-line-height);--awb-caption-title-letter-spacing:var(--h2_typography-letter-spacing);\"><span class=\" fusion-imageframe imageframe-none imageframe-1 hover-type-none\"><img decoding=\"async\" width=\"797\" height=\"540\" title=\"rutas\" src=\"https:\/\/www.asisges.com\/wp-content\/uploads\/rutas.jpg\" alt class=\"img-responsive wp-image-1611\" srcset=\"https:\/\/www.asisges.com\/wp-content\/uploads\/rutas-300x203.jpg 300w, https:\/\/www.asisges.com\/wp-content\/uploads\/rutas.jpg 797w\" sizes=\"(max-width: 797px) 100vw, 797px\" \/><\/span><\/div><div class=\"fusion-clearfix\"><\/div><\/div><\/div><\/div><\/div><div class=\"fusion-fullwidth fullwidth-box fusion-builder-row-2 nonhundred-percent-fullwidth non-hundred-percent-height-scrolling\" style=\"--awb-background-position:left top;--awb-border-sizes-top:0px;--awb-border-sizes-bottom:0px;--awb-border-sizes-left:0px;--awb-border-sizes-right:0px;--awb-border-radius-top-left:0px;--awb-border-radius-top-right:0px;--awb-border-radius-bottom-right:0px;--awb-border-radius-bottom-left:0px;--awb-padding-top:20px;--awb-padding-bottom:20px;--awb-flex-wrap:wrap;\" ><div class=\"fusion-builder-row fusion-row\"><div class=\"fusion-layout-column fusion_builder_column fusion-builder-column-1 fusion_builder_column_1_1 1_1 fusion-one-full fusion-column-first fusion-column-last fusion-column-no-min-height\" style=\"--awb-bg-size:cover;--awb-margin-bottom:0px;\"><div class=\"fusion-column-wrapper fusion-flex-column-wrapper-legacy\"><div class=\"fusion-text fusion-text-2\"><p>A ASISGES coleta qualquer observa\u00e7\u00e3o que possa ocorrer durante a presta\u00e7\u00e3o do servi\u00e7o, o registro das atividades que est\u00e3o sendo conclu\u00eddas e, quando apropriado, qualquer incidente que possa ser necess\u00e1rio para o registro.<\/p>\n<p>Permite um acompanhamento on-line do itiner\u00e1rio de trabalho da equipe humana. Os turnos configur\u00e1veis por parte da empresa fornecem a flexibilidade necess\u00e1ria para completar o gerenciamento.<\/p>\n<\/div><div class=\"fusion-image-element in-legacy-container\" style=\"--awb-caption-title-font-family:var(--h2_typography-font-family);--awb-caption-title-font-weight:var(--h2_typography-font-weight);--awb-caption-title-font-style:var(--h2_typography-font-style);--awb-caption-title-size:var(--h2_typography-font-size);--awb-caption-title-transform:var(--h2_typography-text-transform);--awb-caption-title-line-height:var(--h2_typography-line-height);--awb-caption-title-letter-spacing:var(--h2_typography-letter-spacing);\"><span class=\" fusion-imageframe imageframe-none imageframe-2 hover-type-none\"><img decoding=\"async\" width=\"799\" height=\"422\" title=\"turnos\" src=\"https:\/\/www.asisges.com\/wp-content\/uploads\/turnos.jpg\" alt class=\"img-responsive wp-image-1613\" srcset=\"https:\/\/www.asisges.com\/wp-content\/uploads\/turnos-300x158.jpg 300w, https:\/\/www.asisges.com\/wp-content\/uploads\/turnos.jpg 799w\" sizes=\"(max-width: 799px) 100vw, 799px\" \/><\/span><\/div><div class=\"fusion-clearfix\"><\/div><\/div><\/div><div class=\"fusion-layout-column fusion_builder_column fusion-builder-column-2 fusion_builder_column_1_1 1_1 fusion-one-full fusion-column-first fusion-column-last fusion-column-no-min-height\" style=\"--awb-bg-size:cover;--awb-margin-bottom:0px;\"><div class=\"fusion-column-wrapper fusion-flex-column-wrapper-legacy\"><div class=\"fusion-sharing-box fusion-sharing-box-1 has-taglines layout-floated layout-medium-floated layout-small-floated\" style=\"background-color:#e2e9f4;--awb-layout:row;--awb-alignment-small:space-between;\" data-title=\"Gest\u00e3o de Trabalhadores\" data-description=\"Cada trabalhador tem um turno de trabalho di\u00e1rio. O turno \u00e9 o hor\u00e1rio em que est\u00e1 dispon\u00edvel diariamente para prestar servi\u00e7os \u00e0queles atendidos pela empresa.\r\nNesse turno, a empresa organiza um itiner\u00e1rio di\u00e1rio ou uma rota de trabalho, que consiste na lista de tarefas a serem realizadas com as horas de entrada organizadas com os clientes\" data-link=\"https:\/\/www.asisges.com\/pt-pt\/trabalhadores\/\"><h4 class=\"tagline\" style=\"color:#154ea8;\">Compartilhe em suas redes sociais<\/h4><div class=\"fusion-social-networks sharingbox-shortcode-icon-wrapper sharingbox-shortcode-icon-wrapper-1\"><span><a href=\"https:\/\/www.facebook.com\/sharer.php?u=https%3A%2F%2Fwww.asisges.com%2Fpt-pt%2Ftrabalhadores%2F&amp;t=Gest%C3%A3o%20de%20Trabalhadores\" target=\"_blank\" rel=\"noreferrer\" title=\"Facebook\" aria-label=\"Facebook\" data-placement=\"top\" data-toggle=\"tooltip\" data-title=\"Facebook\"><i class=\"fusion-social-network-icon fusion-tooltip fusion-facebook awb-icon-facebook\" style=\"color:#a86f15;\" aria-hidden=\"true\"><\/i><\/a><\/span><span><a href=\"https:\/\/twitter.com\/share?text=Gest%C3%A3o%20de%20Trabalhadores&amp;url=https%3A%2F%2Fwww.asisges.com%2Fpt-pt%2Ftrabalhadores%2F\" target=\"_blank\" rel=\"noopener noreferrer\" title=\"X\" aria-label=\"X\" data-placement=\"top\" data-toggle=\"tooltip\" data-title=\"X\"><i class=\"fusion-social-network-icon fusion-tooltip fusion-twitter awb-icon-twitter\" style=\"color:#a86f15;\" aria-hidden=\"true\"><\/i><\/a><\/span><span><a href=\"https:\/\/www.linkedin.com\/shareArticle?mini=true&amp;url=https%3A%2F%2Fwww.asisges.com%2Fpt-pt%2Ftrabalhadores%2F&amp;title=Gest%C3%A3o%20de%20Trabalhadores&amp;summary=Cada%20trabalhador%20tem%20um%20turno%20de%20trabalho%20di%C3%A1rio.%20O%20turno%20%C3%A9%20o%20hor%C3%A1rio%20em%20que%20est%C3%A1%20dispon%C3%ADvel%20diariamente%20para%20prestar%20servi%C3%A7os%20%C3%A0queles%20atendidos%20pela%20empresa.%0D%0ANesse%20turno%2C%20a%20empresa%20organiza%20um%20itiner%C3%A1rio%20di%C3%A1rio%20ou%20uma%20rota%20de%20trabalho%2C%20que%20consiste%20na%20lista%20de%20tarefas%20a%20serem%20realizadas%20com%20as%20horas%20de%20entrada%20organizadas%20com%20os%20clientes\" target=\"_blank\" rel=\"noopener noreferrer\" title=\"LinkedIn\" aria-label=\"LinkedIn\" data-placement=\"top\" data-toggle=\"tooltip\" data-title=\"LinkedIn\"><i class=\"fusion-social-network-icon fusion-tooltip fusion-linkedin awb-icon-linkedin\" style=\"color:#a86f15;\" aria-hidden=\"true\"><\/i><\/a><\/span><span><a href=\"mailto:?subject=Gest%C3%A3o%20de%20Trabalhadores&amp;body=https%3A%2F%2Fwww.asisges.com%2Fpt-pt%2Ftrabalhadores%2F\" target=\"_self\" title=\"Email (necess\u00e1rio mas n\u00e3o publicado)\" aria-label=\"Email (necess\u00e1rio mas n\u00e3o publicado)\" data-placement=\"top\" data-toggle=\"tooltip\" data-title=\"Email (necess\u00e1rio mas n\u00e3o publicado)\"><i class=\"fusion-social-network-icon fusion-tooltip fusion-mail awb-icon-mail\" style=\"color:#a86f15;\" aria-hidden=\"true\"><\/i><\/a><\/span><\/div><\/div><div class=\"fusion-clearfix\"><\/div><\/div><\/div><\/div><\/div><\/p>\n","protected":false},"excerpt":{"rendered":"","protected":false},"author":1,"featured_media":0,"parent":0,"menu_order":16,"comment_status":"closed","ping_status":"closed","template":"","meta":{"footnotes":""},"yoast_head":"<!-- This site is optimized with the Yoast SEO plugin v22.4 - https:\/\/yoast.com\/wordpress\/plugins\/seo\/ -->\n<title>Equipo Humano. Software Gestion Ayuda a Domicilio &gt; ASISGES.COM<\/title>\n<meta name=\"description\" content=\"Desde 29 euros al mes, software gestion ayuda a domicilio. Gesti\u00f3n diaria de los servicios y del equipo humano, tanto propio como ajeno..\" \/>\n<meta name=\"robots\" content=\"index, follow, max-snippet:-1, max-image-preview:large, max-video-preview:-1\" \/>\n<link rel=\"canonical\" href=\"https:\/\/www.asisges.com\/pt-pt\/trabalhadores\/\" \/>\n<meta property=\"og:locale\" content=\"pt_PT\" \/>\n<meta property=\"og:type\" content=\"article\" \/>\n<meta property=\"og:title\" content=\"Equipo Humano. Software Gestion Ayuda a Domicilio &gt; ASISGES.COM\" \/>\n<meta property=\"og:description\" content=\"Desde 29 euros al mes, software gestion ayuda a domicilio. Gesti\u00f3n diaria de los servicios y del equipo humano, tanto propio como ajeno..\" \/>\n<meta property=\"og:url\" content=\"https:\/\/www.asisges.com\/pt-pt\/trabalhadores\/\" \/>\n<meta property=\"og:site_name\" content=\"asisges.com\" \/>\n<meta property=\"article:publisher\" content=\"https:\/\/www.facebook.com\/asisges\" \/>\n<meta property=\"article:modified_time\" content=\"2020-10-29T09:25:00+00:00\" \/>\n<meta property=\"og:image\" content=\"https:\/\/www.asisges.com\/wp-content\/uploads\/rutas.jpg\" \/>\n<meta name=\"twitter:card\" content=\"summary_large_image\" \/>\n<meta name=\"twitter:site\" content=\"@asisges\" \/>\n<meta name=\"twitter:label1\" content=\"Tempo estimado de leitura\" \/>\n\t<meta name=\"twitter:data1\" content=\"4 minutos\" \/>\n<script type=\"application\/ld+json\" class=\"yoast-schema-graph\">{\"@context\":\"https:\/\/schema.org\",\"@graph\":[{\"@type\":\"WebPage\",\"@id\":\"https:\/\/www.asisges.com\/pt-pt\/trabalhadores\/\",\"url\":\"https:\/\/www.asisges.com\/pt-pt\/trabalhadores\/\",\"name\":\"Equipo Humano. Software Gestion Ayuda a Domicilio > ASISGES.COM\",\"isPartOf\":{\"@id\":\"https:\/\/www.asisges.com\/pt-pt\/#website\"},\"primaryImageOfPage\":{\"@id\":\"https:\/\/www.asisges.com\/pt-pt\/trabalhadores\/#primaryimage\"},\"image\":{\"@id\":\"https:\/\/www.asisges.com\/pt-pt\/trabalhadores\/#primaryimage\"},\"thumbnailUrl\":\"https:\/\/www.asisges.com\/wp-content\/uploads\/rutas.jpg\",\"datePublished\":\"2016-09-24T17:26:39+00:00\",\"dateModified\":\"2020-10-29T09:25:00+00:00\",\"description\":\"Desde 29 euros al mes, software gestion ayuda a domicilio. Gesti\u00f3n diaria de los servicios y del equipo humano, tanto propio como ajeno..\",\"breadcrumb\":{\"@id\":\"https:\/\/www.asisges.com\/pt-pt\/trabalhadores\/#breadcrumb\"},\"inLanguage\":\"pt-PT\",\"potentialAction\":[{\"@type\":\"ReadAction\",\"target\":[\"https:\/\/www.asisges.com\/pt-pt\/trabalhadores\/\"]}]},{\"@type\":\"ImageObject\",\"inLanguage\":\"pt-PT\",\"@id\":\"https:\/\/www.asisges.com\/pt-pt\/trabalhadores\/#primaryimage\",\"url\":\"https:\/\/www.asisges.com\/wp-content\/uploads\/rutas.jpg\",\"contentUrl\":\"https:\/\/www.asisges.com\/wp-content\/uploads\/rutas.jpg\"},{\"@type\":\"BreadcrumbList\",\"@id\":\"https:\/\/www.asisges.com\/pt-pt\/trabalhadores\/#breadcrumb\",\"itemListElement\":[{\"@type\":\"ListItem\",\"position\":1,\"name\":\"In\u00edcio\",\"item\":\"https:\/\/www.asisges.com\/pt-pt\/\"},{\"@type\":\"ListItem\",\"position\":2,\"name\":\"Gest\u00e3o de Trabalhadores\"}]},{\"@type\":\"WebSite\",\"@id\":\"https:\/\/www.asisges.com\/pt-pt\/#website\",\"url\":\"https:\/\/www.asisges.com\/pt-pt\/\",\"name\":\"asisges.com\",\"description\":\"Plataforma para SAD\",\"potentialAction\":[{\"@type\":\"SearchAction\",\"target\":{\"@type\":\"EntryPoint\",\"urlTemplate\":\"https:\/\/www.asisges.com\/pt-pt\/?s={search_term_string}\"},\"query-input\":\"required name=search_term_string\"}],\"inLanguage\":\"pt-PT\"}]}<\/script>\n<!-- \/ Yoast SEO plugin. -->","yoast_head_json":{"title":"Equipo Humano. Software Gestion Ayuda a Domicilio > ASISGES.COM","description":"Desde 29 euros al mes, software gestion ayuda a domicilio. Gesti\u00f3n diaria de los servicios y del equipo humano, tanto propio como ajeno..","robots":{"index":"index","follow":"follow","max-snippet":"max-snippet:-1","max-image-preview":"max-image-preview:large","max-video-preview":"max-video-preview:-1"},"canonical":"https:\/\/www.asisges.com\/pt-pt\/trabalhadores\/","og_locale":"pt_PT","og_type":"article","og_title":"Equipo Humano. Software Gestion Ayuda a Domicilio > ASISGES.COM","og_description":"Desde 29 euros al mes, software gestion ayuda a domicilio. Gesti\u00f3n diaria de los servicios y del equipo humano, tanto propio como ajeno..","og_url":"https:\/\/www.asisges.com\/pt-pt\/trabalhadores\/","og_site_name":"asisges.com","article_publisher":"https:\/\/www.facebook.com\/asisges","article_modified_time":"2020-10-29T09:25:00+00:00","og_image":[{"url":"https:\/\/www.asisges.com\/wp-content\/uploads\/rutas.jpg"}],"twitter_card":"summary_large_image","twitter_site":"@asisges","twitter_misc":{"Tempo estimado de leitura":"4 minutos"},"schema":{"@context":"https:\/\/schema.org","@graph":[{"@type":"WebPage","@id":"https:\/\/www.asisges.com\/pt-pt\/trabalhadores\/","url":"https:\/\/www.asisges.com\/pt-pt\/trabalhadores\/","name":"Equipo Humano. Software Gestion Ayuda a Domicilio > ASISGES.COM","isPartOf":{"@id":"https:\/\/www.asisges.com\/pt-pt\/#website"},"primaryImageOfPage":{"@id":"https:\/\/www.asisges.com\/pt-pt\/trabalhadores\/#primaryimage"},"image":{"@id":"https:\/\/www.asisges.com\/pt-pt\/trabalhadores\/#primaryimage"},"thumbnailUrl":"https:\/\/www.asisges.com\/wp-content\/uploads\/rutas.jpg","datePublished":"2016-09-24T17:26:39+00:00","dateModified":"2020-10-29T09:25:00+00:00","description":"Desde 29 euros al mes, software gestion ayuda a domicilio. Gesti\u00f3n diaria de los servicios y del equipo humano, tanto propio como ajeno..","breadcrumb":{"@id":"https:\/\/www.asisges.com\/pt-pt\/trabalhadores\/#breadcrumb"},"inLanguage":"pt-PT","potentialAction":[{"@type":"ReadAction","target":["https:\/\/www.asisges.com\/pt-pt\/trabalhadores\/"]}]},{"@type":"ImageObject","inLanguage":"pt-PT","@id":"https:\/\/www.asisges.com\/pt-pt\/trabalhadores\/#primaryimage","url":"https:\/\/www.asisges.com\/wp-content\/uploads\/rutas.jpg","contentUrl":"https:\/\/www.asisges.com\/wp-content\/uploads\/rutas.jpg"},{"@type":"BreadcrumbList","@id":"https:\/\/www.asisges.com\/pt-pt\/trabalhadores\/#breadcrumb","itemListElement":[{"@type":"ListItem","position":1,"name":"In\u00edcio","item":"https:\/\/www.asisges.com\/pt-pt\/"},{"@type":"ListItem","position":2,"name":"Gest\u00e3o de Trabalhadores"}]},{"@type":"WebSite","@id":"https:\/\/www.asisges.com\/pt-pt\/#website","url":"https:\/\/www.asisges.com\/pt-pt\/","name":"asisges.com","description":"Plataforma para SAD","potentialAction":[{"@type":"SearchAction","target":{"@type":"EntryPoint","urlTemplate":"https:\/\/www.asisges.com\/pt-pt\/?s={search_term_string}"},"query-input":"required name=search_term_string"}],"inLanguage":"pt-PT"}]}},"_links":{"self":[{"href":"https:\/\/www.asisges.com\/pt-pt\/wp-json\/wp\/v2\/pages\/995"}],"collection":[{"href":"https:\/\/www.asisges.com\/pt-pt\/wp-json\/wp\/v2\/pages"}],"about":[{"href":"https:\/\/www.asisges.com\/pt-pt\/wp-json\/wp\/v2\/types\/page"}],"author":[{"embeddable":true,"href":"https:\/\/www.asisges.com\/pt-pt\/wp-json\/wp\/v2\/users\/1"}],"replies":[{"embeddable":true,"href":"https:\/\/www.asisges.com\/pt-pt\/wp-json\/wp\/v2\/comments?post=995"}],"version-history":[{"count":0,"href":"https:\/\/www.asisges.com\/pt-pt\/wp-json\/wp\/v2\/pages\/995\/revisions"}],"wp:attachment":[{"href":"https:\/\/www.asisges.com\/pt-pt\/wp-json\/wp\/v2\/media?parent=995"}],"curies":[{"name":"wp","href":"https:\/\/api.w.org\/{rel}","templated":true}]}}