{"id":715,"date":"2016-09-12T17:08:18","date_gmt":"2016-09-12T17:08:18","guid":{"rendered":"https:\/\/www.asisges.com\/pt-pt\/?page_id=715"},"modified":"2021-10-15T09:52:40","modified_gmt":"2021-10-15T09:52:40","slug":"mobile","status":"publish","type":"page","link":"https:\/\/www.asisges.com\/pt-pt\/mobile\/","title":{"rendered":"ASISGES mobile"},"content":{"rendered":"<div class=\"fusion-fullwidth fullwidth-box fusion-builder-row-1 hundred-percent-fullwidth non-hundred-percent-height-scrolling\" style=\"--awb-border-radius-top-left:0px;--awb-border-radius-top-right:0px;--awb-border-radius-bottom-right:0px;--awb-border-radius-bottom-left:0px;--awb-overflow:visible;--awb-flex-wrap:wrap;\" ><div class=\"fusion-builder-row fusion-row\"><div class=\"fusion-layout-column fusion_builder_column fusion-builder-column-0 fusion_builder_column_1_5 1_5 fusion-one-fifth fusion-column-first\" style=\"--awb-bg-size:cover;width:16.8%; margin-right: 4%;\"><div class=\"fusion-column-wrapper fusion-flex-column-wrapper-legacy\"><div class=\"fusion-image-element in-legacy-container\" style=\"--awb-caption-title-font-family:var(--h2_typography-font-family);--awb-caption-title-font-weight:var(--h2_typography-font-weight);--awb-caption-title-font-style:var(--h2_typography-font-style);--awb-caption-title-size:var(--h2_typography-font-size);--awb-caption-title-transform:var(--h2_typography-text-transform);--awb-caption-title-line-height:var(--h2_typography-line-height);--awb-caption-title-letter-spacing:var(--h2_typography-letter-spacing);\"><span class=\" fusion-imageframe imageframe-none imageframe-1 hover-type-none\"><img decoding=\"async\" width=\"1242\" height=\"2208\" title=\"ASISGES:COM Ingreso Asisges Mobile\" src=\"https:\/\/www.asisges.com\/wp-content\/uploads\/IMG_4413.png\" alt class=\"img-responsive wp-image-1637\" srcset=\"https:\/\/www.asisges.com\/wp-content\/uploads\/IMG_4413-200x356.png 200w, https:\/\/www.asisges.com\/wp-content\/uploads\/IMG_4413-400x711.png 400w, https:\/\/www.asisges.com\/wp-content\/uploads\/IMG_4413-600x1067.png 600w, https:\/\/www.asisges.com\/wp-content\/uploads\/IMG_4413-800x1422.png 800w, https:\/\/www.asisges.com\/wp-content\/uploads\/IMG_4413-1200x2133.png 1200w, https:\/\/www.asisges.com\/wp-content\/uploads\/IMG_4413.png 1242w\" sizes=\"(max-width: 800px) 100vw, 400px\" \/><\/span><\/div><div class=\"fusion-clearfix\"><\/div><\/div><\/div><div class=\"fusion-layout-column fusion_builder_column fusion-builder-column-1 fusion_builder_column_3_5 3_5 fusion-three-fifth\" style=\"--awb-bg-size:cover;width:58.4%; margin-right: 4%;\"><div class=\"fusion-column-wrapper fusion-flex-column-wrapper-legacy\"><div class=\"fusion-text fusion-text-1\"><h2 style=\"text-align: center;\">Asisges Mobile<\/h2>\n<p style=\"text-align: justify;\">O m\u00f3dulo Asisges M\u00f3vel \u00e9 parte integrante de Asisges, podendo ser utilizado pela empresa sem qualquer custo ou parametriza\u00e7\u00e3o adicional.Os colaboradores podem desta forma ter acesso \u00e0 informa\u00e7\u00e3o e plano de trabalho.<br \/>\nPodem adicionar notas em tempo real e registar qualquer tipo de observa\u00e7\u00e3o ou ocorr\u00eancia no desenrolar das suas tarefas. Desta forma a empresa ter\u00e1 sempre dispon\u00edvel informa\u00e7\u00e3o atualizada sobre o andamento dos servi\u00e7os e das tarefas realizadas e por realizar.<\/p>\n<\/div><div class=\"fusion-clearfix\"><\/div><\/div><\/div><div class=\"fusion-layout-column fusion_builder_column fusion-builder-column-2 fusion_builder_column_1_5 1_5 fusion-one-fifth fusion-column-last\" style=\"--awb-bg-size:cover;width:16.8%;\"><div class=\"fusion-column-wrapper fusion-flex-column-wrapper-legacy\"><div class=\"fusion-image-element in-legacy-container\" style=\"--awb-caption-title-font-family:var(--h2_typography-font-family);--awb-caption-title-font-weight:var(--h2_typography-font-weight);--awb-caption-title-font-style:var(--h2_typography-font-style);--awb-caption-title-size:var(--h2_typography-font-size);--awb-caption-title-transform:var(--h2_typography-text-transform);--awb-caption-title-line-height:var(--h2_typography-line-height);--awb-caption-title-letter-spacing:var(--h2_typography-letter-spacing);\"><span class=\" fusion-imageframe imageframe-none imageframe-2 hover-type-none\"><img decoding=\"async\" width=\"1242\" height=\"2208\" title=\"ASISGES.COM Itinerario Trabajador en Asisges Mobile\" src=\"https:\/\/www.asisges.com\/wp-content\/uploads\/IMG_4414.png\" alt class=\"img-responsive wp-image-1638\" srcset=\"https:\/\/www.asisges.com\/wp-content\/uploads\/IMG_4414-200x356.png 200w, https:\/\/www.asisges.com\/wp-content\/uploads\/IMG_4414-400x711.png 400w, https:\/\/www.asisges.com\/wp-content\/uploads\/IMG_4414-600x1067.png 600w, https:\/\/www.asisges.com\/wp-content\/uploads\/IMG_4414-800x1422.png 800w, https:\/\/www.asisges.com\/wp-content\/uploads\/IMG_4414-1200x2133.png 1200w, https:\/\/www.asisges.com\/wp-content\/uploads\/IMG_4414.png 1242w\" sizes=\"(max-width: 800px) 100vw, 400px\" \/><\/span><\/div><div class=\"fusion-clearfix\"><\/div><\/div><\/div><div class=\"fusion-layout-column fusion_builder_column fusion-builder-column-3 fusion_builder_column_1_5 1_5 fusion-one-fifth fusion-column-first\" style=\"--awb-bg-size:cover;width:16.8%; margin-right: 4%;\"><div class=\"fusion-column-wrapper fusion-flex-column-wrapper-legacy\"><div class=\"fusion-image-element in-legacy-container\" style=\"--awb-caption-title-font-family:var(--h2_typography-font-family);--awb-caption-title-font-weight:var(--h2_typography-font-weight);--awb-caption-title-font-style:var(--h2_typography-font-style);--awb-caption-title-size:var(--h2_typography-font-size);--awb-caption-title-transform:var(--h2_typography-text-transform);--awb-caption-title-line-height:var(--h2_typography-line-height);--awb-caption-title-letter-spacing:var(--h2_typography-letter-spacing);\"><span class=\" fusion-imageframe imageframe-none imageframe-3 hover-type-none\"><img decoding=\"async\" width=\"1242\" height=\"2208\" title=\"ASISGES.COM Tareas en Un Domicilio Asisges Mobile\" src=\"https:\/\/www.asisges.com\/wp-content\/uploads\/IMG_4415.png\" alt class=\"img-responsive wp-image-1639\" srcset=\"https:\/\/www.asisges.com\/wp-content\/uploads\/IMG_4415-200x356.png 200w, https:\/\/www.asisges.com\/wp-content\/uploads\/IMG_4415-400x711.png 400w, https:\/\/www.asisges.com\/wp-content\/uploads\/IMG_4415-600x1067.png 600w, https:\/\/www.asisges.com\/wp-content\/uploads\/IMG_4415-800x1422.png 800w, https:\/\/www.asisges.com\/wp-content\/uploads\/IMG_4415-1200x2133.png 1200w, https:\/\/www.asisges.com\/wp-content\/uploads\/IMG_4415.png 1242w\" sizes=\"(max-width: 800px) 100vw, 400px\" \/><\/span><\/div><div class=\"fusion-clearfix\"><\/div><\/div><\/div><div class=\"fusion-layout-column fusion_builder_column fusion-builder-column-4 fusion_builder_column_2_5 2_5 fusion-two-fifth\" style=\"--awb-bg-size:cover;width:37.6%; margin-right: 4%;\"><div class=\"fusion-column-wrapper fusion-flex-column-wrapper-legacy\"><div class=\"fusion-text fusion-text-2\"><p style=\"text-align: justify;\">A utiliza\u00e7\u00e3o de\u00a0ASISGES MOBILE permite ainda registar horas de entrada e de sa\u00edda do domic\u00edlio do cliente, adicionadas da respetiva geolocaliza\u00e7\u00e3o no momento em que \u00e9 realizado o registo, funcionando como forma de controle de assiduidade e pontualidade.<\/p>\n<\/div><div class=\"fusion-clearfix\"><\/div><\/div><\/div><div class=\"fusion-layout-column fusion_builder_column fusion-builder-column-5 fusion_builder_column_1_5 1_5 fusion-one-fifth\" style=\"--awb-bg-size:cover;width:16.8%; margin-right: 4%;\"><div class=\"fusion-column-wrapper fusion-flex-column-wrapper-legacy\"><div class=\"fusion-image-element in-legacy-container\" style=\"--awb-caption-title-font-family:var(--h2_typography-font-family);--awb-caption-title-font-weight:var(--h2_typography-font-weight);--awb-caption-title-font-style:var(--h2_typography-font-style);--awb-caption-title-size:var(--h2_typography-font-size);--awb-caption-title-transform:var(--h2_typography-text-transform);--awb-caption-title-line-height:var(--h2_typography-line-height);--awb-caption-title-letter-spacing:var(--h2_typography-letter-spacing);\"><span class=\" fusion-imageframe imageframe-none imageframe-4 hover-type-none\"><img decoding=\"async\" width=\"1242\" height=\"2208\" title=\"ASISGES.COM Check-In de entrada en Asisges Mobile\" src=\"https:\/\/www.asisges.com\/wp-content\/uploads\/IMG_4416.png\" alt class=\"img-responsive wp-image-1640\" srcset=\"https:\/\/www.asisges.com\/wp-content\/uploads\/IMG_4416-200x356.png 200w, https:\/\/www.asisges.com\/wp-content\/uploads\/IMG_4416-400x711.png 400w, https:\/\/www.asisges.com\/wp-content\/uploads\/IMG_4416-600x1067.png 600w, https:\/\/www.asisges.com\/wp-content\/uploads\/IMG_4416-800x1422.png 800w, https:\/\/www.asisges.com\/wp-content\/uploads\/IMG_4416-1200x2133.png 1200w, https:\/\/www.asisges.com\/wp-content\/uploads\/IMG_4416.png 1242w\" sizes=\"(max-width: 800px) 100vw, 400px\" \/><\/span><\/div><div class=\"fusion-clearfix\"><\/div><\/div><\/div><div class=\"fusion-layout-column fusion_builder_column fusion-builder-column-6 fusion_builder_column_1_5 1_5 fusion-one-fifth fusion-column-last\" style=\"--awb-bg-size:cover;width:16.8%;\"><div class=\"fusion-column-wrapper fusion-flex-column-wrapper-legacy\"><div class=\"fusion-image-element in-legacy-container\" style=\"--awb-caption-title-font-family:var(--h2_typography-font-family);--awb-caption-title-font-weight:var(--h2_typography-font-weight);--awb-caption-title-font-style:var(--h2_typography-font-style);--awb-caption-title-size:var(--h2_typography-font-size);--awb-caption-title-transform:var(--h2_typography-text-transform);--awb-caption-title-line-height:var(--h2_typography-line-height);--awb-caption-title-letter-spacing:var(--h2_typography-letter-spacing);\"><span class=\" fusion-imageframe imageframe-none imageframe-5 hover-type-none\"><img decoding=\"async\" width=\"1242\" height=\"2208\" title=\"ASISGES.COM Check-Out de Un servicio en Asisges Mobile\" src=\"https:\/\/www.asisges.com\/wp-content\/uploads\/IMG_4418.png\" alt class=\"img-responsive wp-image-1642\" srcset=\"https:\/\/www.asisges.com\/wp-content\/uploads\/IMG_4418-200x356.png 200w, https:\/\/www.asisges.com\/wp-content\/uploads\/IMG_4418-400x711.png 400w, https:\/\/www.asisges.com\/wp-content\/uploads\/IMG_4418-600x1067.png 600w, https:\/\/www.asisges.com\/wp-content\/uploads\/IMG_4418-800x1422.png 800w, https:\/\/www.asisges.com\/wp-content\/uploads\/IMG_4418-1200x2133.png 1200w, https:\/\/www.asisges.com\/wp-content\/uploads\/IMG_4418.png 1242w\" sizes=\"(max-width: 800px) 100vw, 400px\" \/><\/span><\/div><div class=\"fusion-clearfix\"><\/div><\/div><\/div><\/div><\/div>\n","protected":false},"excerpt":{"rendered":"","protected":false},"author":1,"featured_media":0,"parent":0,"menu_order":6,"comment_status":"closed","ping_status":"closed","template":"","meta":{"footnotes":""},"yoast_head":"<!-- This site is optimized with the Yoast SEO plugin v22.4 - https:\/\/yoast.com\/wordpress\/plugins\/seo\/ -->\n<title>ASISGES mobile &#060; asisges.com<\/title>\n<meta name=\"robots\" content=\"index, follow, max-snippet:-1, max-image-preview:large, max-video-preview:-1\" \/>\n<link rel=\"canonical\" href=\"https:\/\/www.asisges.com\/pt-pt\/mobile\/\" \/>\n<meta property=\"og:locale\" content=\"pt_PT\" \/>\n<meta property=\"og:type\" content=\"article\" \/>\n<meta property=\"og:title\" content=\"ASISGES mobile &#060; asisges.com\" \/>\n<meta property=\"og:url\" content=\"https:\/\/www.asisges.com\/pt-pt\/mobile\/\" \/>\n<meta property=\"og:site_name\" content=\"asisges.com\" \/>\n<meta property=\"article:publisher\" content=\"https:\/\/www.facebook.com\/asisges\" \/>\n<meta property=\"article:modified_time\" content=\"2021-10-15T09:52:40+00:00\" \/>\n<meta property=\"og:image\" content=\"https:\/\/www.asisges.com\/wp-content\/uploads\/IMG_4413.png\" \/>\n<meta name=\"twitter:card\" content=\"summary_large_image\" \/>\n<meta name=\"twitter:site\" content=\"@asisges\" \/>\n<meta name=\"twitter:label1\" content=\"Tempo estimado de leitura\" \/>\n\t<meta name=\"twitter:data1\" content=\"5 minutos\" \/>\n<script type=\"application\/ld+json\" class=\"yoast-schema-graph\">{\"@context\":\"https:\/\/schema.org\",\"@graph\":[{\"@type\":\"WebPage\",\"@id\":\"https:\/\/www.asisges.com\/pt-pt\/mobile\/\",\"url\":\"https:\/\/www.asisges.com\/pt-pt\/mobile\/\",\"name\":\"ASISGES mobile &#060; asisges.com\",\"isPartOf\":{\"@id\":\"https:\/\/www.asisges.com\/pt-pt\/#website\"},\"primaryImageOfPage\":{\"@id\":\"https:\/\/www.asisges.com\/pt-pt\/mobile\/#primaryimage\"},\"image\":{\"@id\":\"https:\/\/www.asisges.com\/pt-pt\/mobile\/#primaryimage\"},\"thumbnailUrl\":\"https:\/\/www.asisges.com\/wp-content\/uploads\/IMG_4413.png\",\"datePublished\":\"2016-09-12T17:08:18+00:00\",\"dateModified\":\"2021-10-15T09:52:40+00:00\",\"breadcrumb\":{\"@id\":\"https:\/\/www.asisges.com\/pt-pt\/mobile\/#breadcrumb\"},\"inLanguage\":\"pt-PT\",\"potentialAction\":[{\"@type\":\"ReadAction\",\"target\":[\"https:\/\/www.asisges.com\/pt-pt\/mobile\/\"]}]},{\"@type\":\"ImageObject\",\"inLanguage\":\"pt-PT\",\"@id\":\"https:\/\/www.asisges.com\/pt-pt\/mobile\/#primaryimage\",\"url\":\"https:\/\/www.asisges.com\/wp-content\/uploads\/IMG_4413.png\",\"contentUrl\":\"https:\/\/www.asisges.com\/wp-content\/uploads\/IMG_4413.png\"},{\"@type\":\"BreadcrumbList\",\"@id\":\"https:\/\/www.asisges.com\/pt-pt\/mobile\/#breadcrumb\",\"itemListElement\":[{\"@type\":\"ListItem\",\"position\":1,\"name\":\"In\u00edcio\",\"item\":\"https:\/\/www.asisges.com\/pt-pt\/\"},{\"@type\":\"ListItem\",\"position\":2,\"name\":\"ASISGES mobile\"}]},{\"@type\":\"WebSite\",\"@id\":\"https:\/\/www.asisges.com\/pt-pt\/#website\",\"url\":\"https:\/\/www.asisges.com\/pt-pt\/\",\"name\":\"asisges.com\",\"description\":\"Plataforma para SAD\",\"potentialAction\":[{\"@type\":\"SearchAction\",\"target\":{\"@type\":\"EntryPoint\",\"urlTemplate\":\"https:\/\/www.asisges.com\/pt-pt\/?s={search_term_string}\"},\"query-input\":\"required name=search_term_string\"}],\"inLanguage\":\"pt-PT\"}]}<\/script>\n<!-- \/ Yoast SEO plugin. -->","yoast_head_json":{"title":"ASISGES mobile &#060; asisges.com","robots":{"index":"index","follow":"follow","max-snippet":"max-snippet:-1","max-image-preview":"max-image-preview:large","max-video-preview":"max-video-preview:-1"},"canonical":"https:\/\/www.asisges.com\/pt-pt\/mobile\/","og_locale":"pt_PT","og_type":"article","og_title":"ASISGES mobile &#060; asisges.com","og_url":"https:\/\/www.asisges.com\/pt-pt\/mobile\/","og_site_name":"asisges.com","article_publisher":"https:\/\/www.facebook.com\/asisges","article_modified_time":"2021-10-15T09:52:40+00:00","og_image":[{"url":"https:\/\/www.asisges.com\/wp-content\/uploads\/IMG_4413.png"}],"twitter_card":"summary_large_image","twitter_site":"@asisges","twitter_misc":{"Tempo estimado de leitura":"5 minutos"},"schema":{"@context":"https:\/\/schema.org","@graph":[{"@type":"WebPage","@id":"https:\/\/www.asisges.com\/pt-pt\/mobile\/","url":"https:\/\/www.asisges.com\/pt-pt\/mobile\/","name":"ASISGES mobile &#060; asisges.com","isPartOf":{"@id":"https:\/\/www.asisges.com\/pt-pt\/#website"},"primaryImageOfPage":{"@id":"https:\/\/www.asisges.com\/pt-pt\/mobile\/#primaryimage"},"image":{"@id":"https:\/\/www.asisges.com\/pt-pt\/mobile\/#primaryimage"},"thumbnailUrl":"https:\/\/www.asisges.com\/wp-content\/uploads\/IMG_4413.png","datePublished":"2016-09-12T17:08:18+00:00","dateModified":"2021-10-15T09:52:40+00:00","breadcrumb":{"@id":"https:\/\/www.asisges.com\/pt-pt\/mobile\/#breadcrumb"},"inLanguage":"pt-PT","potentialAction":[{"@type":"ReadAction","target":["https:\/\/www.asisges.com\/pt-pt\/mobile\/"]}]},{"@type":"ImageObject","inLanguage":"pt-PT","@id":"https:\/\/www.asisges.com\/pt-pt\/mobile\/#primaryimage","url":"https:\/\/www.asisges.com\/wp-content\/uploads\/IMG_4413.png","contentUrl":"https:\/\/www.asisges.com\/wp-content\/uploads\/IMG_4413.png"},{"@type":"BreadcrumbList","@id":"https:\/\/www.asisges.com\/pt-pt\/mobile\/#breadcrumb","itemListElement":[{"@type":"ListItem","position":1,"name":"In\u00edcio","item":"https:\/\/www.asisges.com\/pt-pt\/"},{"@type":"ListItem","position":2,"name":"ASISGES mobile"}]},{"@type":"WebSite","@id":"https:\/\/www.asisges.com\/pt-pt\/#website","url":"https:\/\/www.asisges.com\/pt-pt\/","name":"asisges.com","description":"Plataforma para SAD","potentialAction":[{"@type":"SearchAction","target":{"@type":"EntryPoint","urlTemplate":"https:\/\/www.asisges.com\/pt-pt\/?s={search_term_string}"},"query-input":"required name=search_term_string"}],"inLanguage":"pt-PT"}]}},"_links":{"self":[{"href":"https:\/\/www.asisges.com\/pt-pt\/wp-json\/wp\/v2\/pages\/715"}],"collection":[{"href":"https:\/\/www.asisges.com\/pt-pt\/wp-json\/wp\/v2\/pages"}],"about":[{"href":"https:\/\/www.asisges.com\/pt-pt\/wp-json\/wp\/v2\/types\/page"}],"author":[{"embeddable":true,"href":"https:\/\/www.asisges.com\/pt-pt\/wp-json\/wp\/v2\/users\/1"}],"replies":[{"embeddable":true,"href":"https:\/\/www.asisges.com\/pt-pt\/wp-json\/wp\/v2\/comments?post=715"}],"version-history":[{"count":0,"href":"https:\/\/www.asisges.com\/pt-pt\/wp-json\/wp\/v2\/pages\/715\/revisions"}],"wp:attachment":[{"href":"https:\/\/www.asisges.com\/pt-pt\/wp-json\/wp\/v2\/media?parent=715"}],"curies":[{"name":"wp","href":"https:\/\/api.w.org\/{rel}","templated":true}]}}