{"id":711,"date":"2016-09-01T00:00:20","date_gmt":"2016-09-01T00:00:20","guid":{"rendered":"https:\/\/www.asisges.com\/pt-pt\/?page_id=711"},"modified":"2019-03-13T18:17:37","modified_gmt":"2019-03-13T18:17:37","slug":"nuvem","status":"publish","type":"page","link":"https:\/\/www.asisges.com\/pt-pt\/nuvem\/","title":{"rendered":"Na Nuvem"},"content":{"rendered":"<div class=\"fusion-fullwidth fullwidth-box fusion-builder-row-1 hundred-percent-fullwidth non-hundred-percent-height-scrolling\" style=\"--awb-border-radius-top-left:0px;--awb-border-radius-top-right:0px;--awb-border-radius-bottom-right:0px;--awb-border-radius-bottom-left:0px;--awb-overflow:visible;--awb-flex-wrap:wrap;\" ><div class=\"fusion-builder-row fusion-row\"><div class=\"fusion-layout-column fusion_builder_column fusion-builder-column-0 fusion_builder_column_1_1 1_1 fusion-one-full fusion-column-first fusion-column-last fusion-column-no-min-height\" style=\"--awb-bg-size:cover;--awb-margin-bottom:0px;\"><div class=\"fusion-column-wrapper fusion-flex-column-wrapper-legacy\"><div class=\"fusion-title title fusion-title-1 fusion-title-center fusion-title-text fusion-title-size-one\"><div class=\"title-sep-container title-sep-container-left\"><div class=\"title-sep sep-double sep-solid\" style=\"border-color:#e0dede;\"><\/div><\/div><span class=\"awb-title-spacer\"><\/span><h1 class=\"fusion-title-heading title-heading-center\" style=\"margin:0;\">Porque confiar em Asisges\u00ae?<\/h1><span class=\"awb-title-spacer\"><\/span><div class=\"title-sep-container title-sep-container-right\"><div class=\"title-sep sep-double sep-solid\" style=\"border-color:#e0dede;\"><\/div><\/div><\/div><div class=\"fusion-clearfix\"><\/div><\/div><\/div><div class=\"fusion-layout-column fusion_builder_column fusion-builder-column-1 fusion_builder_column_1_2 1_2 fusion-one-half fusion-column-first\" style=\"--awb-bg-size:cover;width:48%; margin-right: 4%;\"><div class=\"fusion-column-wrapper fusion-flex-column-wrapper-legacy\"><div class=\"fusion-text fusion-text-1\"><p>A utiliza\u00e7\u00e3o de aplica\u00e7\u00f5es na \u201cnuvem\u201d tem vindo a crescer nos \u00faltimos anos, em pequenas, m\u00e9dias e grandes empresas, traduzindo-se num grande acr\u00e9scimo muito importante de valor, produtividade e rentabilidade para as diversas atividades.<\/p>\n<p>Com esta crescente utiliza\u00e7\u00e3o tem tamb\u00e9m aumentado de forma significativa os mecanismos de confidencialidade e seguran\u00e7a de dados.<\/p>\n<\/div><div class=\"fusion-clearfix\"><\/div><\/div><\/div><div class=\"fusion-layout-column fusion_builder_column fusion-builder-column-2 fusion_builder_column_1_2 1_2 fusion-one-half fusion-column-last\" style=\"--awb-bg-size:cover;width:48%;\"><div class=\"fusion-column-wrapper fusion-flex-column-wrapper-legacy\"><div class=\"fusion-image-element fusion-image-align-right in-legacy-container\" style=\"text-align:right;--awb-caption-title-font-family:var(--h2_typography-font-family);--awb-caption-title-font-weight:var(--h2_typography-font-weight);--awb-caption-title-font-style:var(--h2_typography-font-style);--awb-caption-title-size:var(--h2_typography-font-size);--awb-caption-title-transform:var(--h2_typography-text-transform);--awb-caption-title-line-height:var(--h2_typography-line-height);--awb-caption-title-letter-spacing:var(--h2_typography-letter-spacing);\"><span class=\" fusion-imageframe imageframe-none imageframe-1 hover-type-none\" style=\"margin-left:25px;float:right;\"><img decoding=\"async\" width=\"425\" height=\"283\" title=\"Datacenter\" src=\"https:\/\/www.asisges.com\/wp-content\/uploads\/Datacenter.png\" alt class=\"img-responsive wp-image-1629\" srcset=\"https:\/\/www.asisges.com\/wp-content\/uploads\/Datacenter-200x133.png 200w, https:\/\/www.asisges.com\/wp-content\/uploads\/Datacenter-400x266.png 400w, https:\/\/www.asisges.com\/wp-content\/uploads\/Datacenter.png 425w\" sizes=\"(max-width: 800px) 100vw, 425px\" \/><\/span><\/div><div class=\"fusion-clearfix\"><\/div><\/div><\/div><div class=\"fusion-layout-column fusion_builder_column fusion-builder-column-3 fusion_builder_column_1_1 1_1 fusion-one-full fusion-column-first fusion-column-last fusion-column-no-min-height\" style=\"--awb-bg-size:cover;--awb-margin-bottom:0px;\"><div class=\"fusion-column-wrapper fusion-flex-column-wrapper-legacy\"><div class=\"fusion-text fusion-text-2\"><p>Pode confiar em Asisges\u00ae porque, por um lado, em rela\u00e7\u00e3o a aspetos formais, que podem supor uma fuga de informa\u00e7\u00e3o por exemplo, importante quando se trata de dados sens\u00edveis,\u00a0 Asisges\u00ae assegura o controle mediante a utiliza\u00e7\u00e3o de chaves de usu\u00e1rio e senhas que monitorizam todos os acessos \u00e0 aplica\u00e7\u00e3o. Al\u00e9m disto todos os movimentos dos diversos utilizadores podem tamb\u00e9m ser monitorizados pelo aceso com perfil \u201cAdministrador\u201d.<\/p>\n<p>Por outro lado, em rela\u00e7\u00e3o a aspetos tecnol\u00f3gicos, a garantia de seguran\u00e7a e confidencialidade \u00e9 assegurada por um Datacenter supervisionado profissionalmente, sendo mais seguro que um servidor local, com normas e par\u00e2metros de seguran\u00e7a r\u00edgidos e aceites internacionalmente.<\/p>\n<\/div><div class=\"fusion-clearfix\"><\/div><\/div><\/div><div class=\"fusion-layout-column fusion_builder_column fusion-builder-column-4 fusion_builder_column_1_2 1_2 fusion-one-half fusion-column-first\" style=\"--awb-bg-size:cover;width:48%; margin-right: 4%;\"><div class=\"fusion-column-wrapper fusion-flex-column-wrapper-legacy\"><div class=\"fusion-image-element fusion-image-align-left in-legacy-container\" style=\"text-align:left;--awb-caption-title-font-family:var(--h2_typography-font-family);--awb-caption-title-font-weight:var(--h2_typography-font-weight);--awb-caption-title-font-style:var(--h2_typography-font-style);--awb-caption-title-size:var(--h2_typography-font-size);--awb-caption-title-transform:var(--h2_typography-text-transform);--awb-caption-title-line-height:var(--h2_typography-line-height);--awb-caption-title-letter-spacing:var(--h2_typography-letter-spacing);\"><span class=\" fusion-imageframe imageframe-none imageframe-2 hover-type-none\" style=\"margin-right:25px;float:left;\"><img decoding=\"async\" width=\"400\" height=\"294\" title=\"servidor_inestable\" src=\"https:\/\/www.asisges.com\/wp-content\/uploads\/Servidor_inestable.png\" alt class=\"img-responsive wp-image-1630\" srcset=\"https:\/\/www.asisges.com\/wp-content\/uploads\/Servidor_inestable-200x147.png 200w, https:\/\/www.asisges.com\/wp-content\/uploads\/Servidor_inestable.png 400w\" sizes=\"(max-width: 800px) 100vw, 400px\" \/><\/span><\/div><div class=\"fusion-clearfix\"><\/div><\/div><\/div><div class=\"fusion-layout-column fusion_builder_column fusion-builder-column-5 fusion_builder_column_1_2 1_2 fusion-one-half fusion-column-last\" style=\"--awb-bg-size:cover;width:48%;\"><div class=\"fusion-column-wrapper fusion-flex-column-wrapper-legacy\"><div class=\"fusion-text fusion-text-3\"><p>Tamb\u00e9m e por outro lado as comunica\u00e7\u00f5es entre os diversos equipamentos dos clientes e o Datacenter, que aloja as aplica\u00e7\u00f5es Asisges\u00ae, s\u00e3o encriptadas atrav\u00e9s de protocolos seguros de comunica\u00e7\u00e3o (https:\/\/) sendo por isso semelhantes as plataformas utilizadas pelos Bancos.<\/p>\n<p>Recomendamos a este respeito que leia a Pol\u00edtica de Privacidade e dos Termos de Utiliza\u00e7\u00e3o de Asisges\u00ae.<\/p>\n<\/div><div class=\"fusion-clearfix\"><\/div><\/div><\/div><div class=\"fusion-layout-column fusion_builder_column fusion-builder-column-6 fusion_builder_column_1_1 1_1 fusion-one-full fusion-column-first fusion-column-last fusion-column-no-min-height\" style=\"--awb-bg-size:cover;--awb-margin-bottom:0px;\"><div class=\"fusion-column-wrapper fusion-flex-column-wrapper-legacy\"><div class=\"fusion-text fusion-text-4\"><p>Para n\u00f3s \u00e9 bastante claro que a nossa atividade, e a efic\u00e1cia de servi\u00e7os que pretendemos proporcionar aos nossos clientes, dependem dos prestadores que asseguram os servi\u00e7os de Datacenter, pelo que exigimos a estes fornecedores um acordo de n\u00edvel de servi\u00e7os (SLA) de acordo com necessidades de seguran\u00e7a adequadas aos servi\u00e7os que prestamos.<\/p>\n<p>Disponibilidade de servi\u00e7o. Asseguramos tamb\u00e9m atrav\u00e9s desses acordos uma disponibilidade de servi\u00e7o, com per\u00edodos m\u00ednimos de disponibilidade exig\u00edvel, e ainda que possam ocorrer interrup\u00e7\u00f5es de disponibilidade, seja por motivos relacionados com os nossos sistemas seja por motivos relacionados com o Datacenter, tudo faremos para minorar esses per\u00edodos e ressarcir nos termos acordados eventuais preju\u00edzos. Veja por favor a este respeito os Termos de Utiliza\u00e7\u00e3o de Asisges\u00ae.<\/p>\n<\/div><div class=\"fusion-clearfix\"><\/div><\/div><\/div><\/div><\/div>\n","protected":false},"excerpt":{"rendered":"","protected":false},"author":1,"featured_media":0,"parent":0,"menu_order":2,"comment_status":"closed","ping_status":"closed","template":"","meta":{"footnotes":""},"yoast_head":"<!-- This site is optimized with the Yoast SEO plugin v22.4 - https:\/\/yoast.com\/wordpress\/plugins\/seo\/ -->\n<title>Na Nuvem - ASISGES Software Gestion Apoio Domiciliario.<\/title>\n<meta name=\"description\" content=\"O uso de aplicac\u00f5es na nuvem para empresas se traduz em um aumento muito significativo em valor, produtividade e lucratividade.\" \/>\n<meta name=\"robots\" content=\"index, follow, max-snippet:-1, max-image-preview:large, max-video-preview:-1\" \/>\n<link rel=\"canonical\" href=\"https:\/\/www.asisges.com\/pt-pt\/nuvem\/\" \/>\n<meta property=\"og:locale\" content=\"pt_PT\" \/>\n<meta property=\"og:type\" content=\"article\" \/>\n<meta property=\"og:title\" content=\"Na Nuvem - ASISGES Software Gestion Apoio Domiciliario.\" \/>\n<meta property=\"og:description\" content=\"O uso de aplicac\u00f5es na nuvem para empresas se traduz em um aumento muito significativo em valor, produtividade e lucratividade.\" \/>\n<meta property=\"og:url\" content=\"https:\/\/www.asisges.com\/pt-pt\/nuvem\/\" \/>\n<meta property=\"og:site_name\" content=\"asisges.com\" \/>\n<meta property=\"article:publisher\" content=\"https:\/\/www.facebook.com\/asisges\" \/>\n<meta property=\"article:modified_time\" content=\"2019-03-13T18:17:37+00:00\" \/>\n<meta name=\"twitter:card\" content=\"summary_large_image\" \/>\n<meta name=\"twitter:site\" content=\"@asisges\" \/>\n<meta name=\"twitter:label1\" content=\"Tempo estimado de leitura\" \/>\n\t<meta name=\"twitter:data1\" content=\"5 minutos\" \/>\n<script type=\"application\/ld+json\" class=\"yoast-schema-graph\">{\"@context\":\"https:\/\/schema.org\",\"@graph\":[{\"@type\":\"WebPage\",\"@id\":\"https:\/\/www.asisges.com\/pt-pt\/nuvem\/\",\"url\":\"https:\/\/www.asisges.com\/pt-pt\/nuvem\/\",\"name\":\"Na Nuvem - ASISGES Software Gestion Apoio Domiciliario.\",\"isPartOf\":{\"@id\":\"https:\/\/www.asisges.com\/pt-pt\/#website\"},\"datePublished\":\"2016-09-01T00:00:20+00:00\",\"dateModified\":\"2019-03-13T18:17:37+00:00\",\"description\":\"O uso de aplicac\u00f5es na nuvem para empresas se traduz em um aumento muito significativo em valor, produtividade e lucratividade.\",\"breadcrumb\":{\"@id\":\"https:\/\/www.asisges.com\/pt-pt\/nuvem\/#breadcrumb\"},\"inLanguage\":\"pt-PT\",\"potentialAction\":[{\"@type\":\"ReadAction\",\"target\":[\"https:\/\/www.asisges.com\/pt-pt\/nuvem\/\"]}]},{\"@type\":\"BreadcrumbList\",\"@id\":\"https:\/\/www.asisges.com\/pt-pt\/nuvem\/#breadcrumb\",\"itemListElement\":[{\"@type\":\"ListItem\",\"position\":1,\"name\":\"In\u00edcio\",\"item\":\"https:\/\/www.asisges.com\/pt-pt\/\"},{\"@type\":\"ListItem\",\"position\":2,\"name\":\"Na Nuvem\"}]},{\"@type\":\"WebSite\",\"@id\":\"https:\/\/www.asisges.com\/pt-pt\/#website\",\"url\":\"https:\/\/www.asisges.com\/pt-pt\/\",\"name\":\"asisges.com\",\"description\":\"Plataforma para SAD\",\"potentialAction\":[{\"@type\":\"SearchAction\",\"target\":{\"@type\":\"EntryPoint\",\"urlTemplate\":\"https:\/\/www.asisges.com\/pt-pt\/?s={search_term_string}\"},\"query-input\":\"required name=search_term_string\"}],\"inLanguage\":\"pt-PT\"}]}<\/script>\n<!-- \/ Yoast SEO plugin. -->","yoast_head_json":{"title":"Na Nuvem - ASISGES Software Gestion Apoio Domiciliario.","description":"O uso de aplicac\u00f5es na nuvem para empresas se traduz em um aumento muito significativo em valor, produtividade e lucratividade.","robots":{"index":"index","follow":"follow","max-snippet":"max-snippet:-1","max-image-preview":"max-image-preview:large","max-video-preview":"max-video-preview:-1"},"canonical":"https:\/\/www.asisges.com\/pt-pt\/nuvem\/","og_locale":"pt_PT","og_type":"article","og_title":"Na Nuvem - ASISGES Software Gestion Apoio Domiciliario.","og_description":"O uso de aplicac\u00f5es na nuvem para empresas se traduz em um aumento muito significativo em valor, produtividade e lucratividade.","og_url":"https:\/\/www.asisges.com\/pt-pt\/nuvem\/","og_site_name":"asisges.com","article_publisher":"https:\/\/www.facebook.com\/asisges","article_modified_time":"2019-03-13T18:17:37+00:00","twitter_card":"summary_large_image","twitter_site":"@asisges","twitter_misc":{"Tempo estimado de leitura":"5 minutos"},"schema":{"@context":"https:\/\/schema.org","@graph":[{"@type":"WebPage","@id":"https:\/\/www.asisges.com\/pt-pt\/nuvem\/","url":"https:\/\/www.asisges.com\/pt-pt\/nuvem\/","name":"Na Nuvem - ASISGES Software Gestion Apoio Domiciliario.","isPartOf":{"@id":"https:\/\/www.asisges.com\/pt-pt\/#website"},"datePublished":"2016-09-01T00:00:20+00:00","dateModified":"2019-03-13T18:17:37+00:00","description":"O uso de aplicac\u00f5es na nuvem para empresas se traduz em um aumento muito significativo em valor, produtividade e lucratividade.","breadcrumb":{"@id":"https:\/\/www.asisges.com\/pt-pt\/nuvem\/#breadcrumb"},"inLanguage":"pt-PT","potentialAction":[{"@type":"ReadAction","target":["https:\/\/www.asisges.com\/pt-pt\/nuvem\/"]}]},{"@type":"BreadcrumbList","@id":"https:\/\/www.asisges.com\/pt-pt\/nuvem\/#breadcrumb","itemListElement":[{"@type":"ListItem","position":1,"name":"In\u00edcio","item":"https:\/\/www.asisges.com\/pt-pt\/"},{"@type":"ListItem","position":2,"name":"Na Nuvem"}]},{"@type":"WebSite","@id":"https:\/\/www.asisges.com\/pt-pt\/#website","url":"https:\/\/www.asisges.com\/pt-pt\/","name":"asisges.com","description":"Plataforma para SAD","potentialAction":[{"@type":"SearchAction","target":{"@type":"EntryPoint","urlTemplate":"https:\/\/www.asisges.com\/pt-pt\/?s={search_term_string}"},"query-input":"required name=search_term_string"}],"inLanguage":"pt-PT"}]}},"_links":{"self":[{"href":"https:\/\/www.asisges.com\/pt-pt\/wp-json\/wp\/v2\/pages\/711"}],"collection":[{"href":"https:\/\/www.asisges.com\/pt-pt\/wp-json\/wp\/v2\/pages"}],"about":[{"href":"https:\/\/www.asisges.com\/pt-pt\/wp-json\/wp\/v2\/types\/page"}],"author":[{"embeddable":true,"href":"https:\/\/www.asisges.com\/pt-pt\/wp-json\/wp\/v2\/users\/1"}],"replies":[{"embeddable":true,"href":"https:\/\/www.asisges.com\/pt-pt\/wp-json\/wp\/v2\/comments?post=711"}],"version-history":[{"count":0,"href":"https:\/\/www.asisges.com\/pt-pt\/wp-json\/wp\/v2\/pages\/711\/revisions"}],"wp:attachment":[{"href":"https:\/\/www.asisges.com\/pt-pt\/wp-json\/wp\/v2\/media?parent=711"}],"curies":[{"name":"wp","href":"https:\/\/api.w.org\/{rel}","templated":true}]}}