{"id":709,"date":"2016-09-01T00:00:51","date_gmt":"2016-09-01T00:00:51","guid":{"rendered":"https:\/\/www.asisges.com\/pt-pt\/?page_id=709"},"modified":"2024-01-04T20:44:35","modified_gmt":"2024-01-04T20:44:35","slug":"planos","status":"publish","type":"page","link":"https:\/\/www.asisges.com\/pt-pt\/planos\/","title":{"rendered":"Planos"},"content":{"rendered":"<div class=\"fusion-fullwidth fullwidth-box fusion-builder-row-1 hundred-percent-fullwidth non-hundred-percent-height-scrolling\" style=\"--awb-border-radius-top-left:0px;--awb-border-radius-top-right:0px;--awb-border-radius-bottom-right:0px;--awb-border-radius-bottom-left:0px;--awb-overflow:visible;--awb-flex-wrap:wrap;\" ><div class=\"fusion-builder-row fusion-row\"><div class=\"fusion-layout-column fusion_builder_column fusion-builder-column-0 fusion_builder_column_1_1 1_1 fusion-one-full fusion-column-first fusion-column-last fusion-column-no-min-height\" style=\"--awb-bg-size:cover;--awb-margin-bottom:0px;\"><div class=\"fusion-column-wrapper fusion-flex-column-wrapper-legacy\"><div class=\"fusion-text fusion-text-1\"><h1 style=\"text-align: center;\">Planos e condi\u00e7\u00f5es de acesso ASISGES 2024<\/h1>\n<h3 style=\"text-align: center;\">Ferramenta de Gest\u00e3o Integrada de Servi\u00e7os de Apoio Domicili\u00e1rio<\/h3>\n<p style=\"text-align: center;\">Escolha o plano mensal que mais se adequa \u00e0 sua empresa<\/p>\n<\/div><div class=\"fusion-clearfix\"><\/div><\/div><\/div><div class=\"fusion-layout-column fusion_builder_column fusion-builder-column-1 fusion_builder_column_1_1 1_1 fusion-one-full fusion-column-first fusion-column-last fusion-column-no-min-height\" style=\"--awb-bg-size:cover;--awb-margin-bottom:0px;\"><div class=\"fusion-column-wrapper fusion-flex-column-wrapper-legacy\"><style type='text\/css'>\n\t\t\t\t.pricing-table-1 .panel-container, .pricing-table-1 .standout .panel-container,\n\t\t\t\t.pricing-table-1.full-boxed-pricing {background-color:#f8f8f8;}\n\t\t\t\t.pricing-table-1 .list-group .list-group-item,\n\t\t\t\t.pricing-table-1 .list-group .list-group-item:last-child{background-color:#ffffff; border-color:#f4ede2;}\n\t\t\t\t.pricing-table-1.full-boxed-pricing .panel-wrapper:hover .panel-heading,\n\t\t\t\t.pricing-table-1 .panel-wrapper:hover .list-group-item {background-color:#f8f8f8;}\n\t\t\t\t.pricing-table-1.full-boxed-pricing .panel-heading{background-color:#ffffff;}\n\t\t\t\t.pricing-table-1 .fusion-panel, .pricing-table-1 .panel-wrapper:last-child .fusion-panel,\n\t\t\t\t.pricing-table-1 .standout .fusion-panel, .pricing-table-1  .panel-heading,\n\t\t\t\t.pricing-table-1 .panel-body, .pricing-table-1 .panel-footer{border-color:#f4ede2;}\n\t\t\t\t.pricing-table-1 .panel-body,.pricing-table-1 .panel-footer{background-color:#f8f8f8;}\n\t\t\t\t.pricing-table-1.sep-boxed-pricing .panel-heading h3{color:#e2e9f4;}\n\t\t\t\t.pricing-table-1.full-boxed-pricing.fusion-pricing-table .panel-heading h3{color:#a86f15;}\n\t\t\t\t.pricing-table-1.fusion-pricing-table .panel-body .price .decimal-part{color:#154ea8;}\n\t\t\t\t.pricing-table-1.fusion-pricing-table .panel-body .price .integer-part{color:#154ea8;}\n\t\t\t\t.pricing-table-1 ul.list-group li{color:#154ea8;}\n\t\t\t\t<\/style><div class=\"fusion-pricing-table pricing-table-1 full-boxed-pricing row fusion-columns-4 columns-4 fusion-clearfix\"><div class=\"panel-wrapper fusion-column column col-lg-3 col-md-3 col-sm-3 fusion-pricingtable-column\"><div class=\"panel-container\"><div class=\"fusion-panel\"><div class=\"panel-heading\"><h3 class=\"title-row\">Plano FREE<\/h3><\/div><div class=\"panel-body pricing-row\"><div class=\"price \"><span class=\"integer-part\">0<\/span><span class=\"currency pos-right price-without-decimal\">\u20ac<\/span><span class=\"time pos-right price-without-decimal\">\/m\u00eas<\/span><\/div><\/div><ul class=\"list-group\"><li class=\"list-group-item normal-row\">At\u00e9 10\u00a0clientes ativos<\/li><\/ul><div class=\"panel-footer footer-row\"><div class=\"fusion-button-wrapper\"><a class=\"fusion-button button-3d fusion-button-default-size button-default fusion-button-default button-1 fusion-button-default-span fusion-button-default-type\" target=\"_self\" href=\"https:\/\/pt.asisges.com\/registro-profesionalChrome.aspx\"><span class=\"fusion-button-text\">Registe-se<br \/>\n1\u00ba M\u00eas Gratuito e Sem compromisso<\/span><\/a><\/div><\/div><\/div><\/div><\/div><div class=\"panel-wrapper fusion-column column col-lg-3 col-md-3 col-sm-3 standout fusion-pricingtable-column\"><div class=\"panel-container\"><div class=\"fusion-panel\"><div class=\"panel-heading\"><h3 class=\"title-row\">Plano BASE<\/h3><\/div><div class=\"panel-body pricing-row\"><div class=\"price \"><span class=\"integer-part\">29<\/span><span class=\"currency pos-right price-without-decimal\">\u20ac<\/span><span class=\"time pos-right price-without-decimal\">\/m\u00eas<\/span><\/div><\/div><ul class=\"list-group\"><li class=\"list-group-item normal-row\">At\u00e9 30\u00a0clientes ativos<\/li><\/ul><div class=\"panel-footer footer-row\"><div class=\"fusion-button-wrapper\"><a class=\"fusion-button button-3d fusion-button-default-size button-default fusion-button-default button-2 fusion-button-default-span fusion-button-default-type\" target=\"_self\" href=\"https:\/\/pt.asisges.com\/registro-profesionalChrome.aspx\"><span class=\"fusion-button-text\">Registe-se<br \/>\n1\u00ba M\u00eas Gratuito e Sem compromisso<\/span><\/a><\/div><\/div><\/div><\/div><\/div><div class=\"panel-wrapper fusion-column column col-lg-3 col-md-3 col-sm-3 fusion-pricingtable-column\"><div class=\"panel-container\"><div class=\"fusion-panel\"><div class=\"panel-heading\"><h3 class=\"title-row\">Plano PREMIUM<\/h3><\/div><div class=\"panel-body pricing-row\"><div class=\"price \"><span class=\"integer-part\">49<\/span><span class=\"currency pos-right price-without-decimal\">\u20ac<\/span><span class=\"time pos-right price-without-decimal\">\/m\u00eas<\/span><\/div><\/div><ul class=\"list-group\"><li class=\"list-group-item normal-row\">At\u00e9 50 clientes\u00a0ativos<\/li><\/ul><div class=\"panel-footer footer-row\"><div class=\"fusion-button-wrapper\"><a class=\"fusion-button button-3d fusion-button-default-size button-default fusion-button-default button-3 fusion-button-default-span fusion-button-default-type\" target=\"_self\" href=\"https:\/\/pt.asisges.com\/registro-profesionalChrome.aspx\"><span class=\"fusion-button-text\">Registe-se<br \/>\n1\u00ba M\u00eas Gratuito e Sem compromisso<\/span><\/a><\/div><\/div><\/div><\/div><\/div><div class=\"panel-wrapper fusion-column column col-lg-3 col-md-3 col-sm-3 fusion-pricingtable-column\"><div class=\"panel-container\"><div class=\"fusion-panel\"><div class=\"panel-heading\"><h3 class=\"title-row\">Plano TOP<\/h3><\/div><div class=\"panel-body pricing-row\"><div class=\"price \"><span class=\"integer-part\">69<\/span><span class=\"currency pos-right price-without-decimal\">\u20ac<\/span><span class=\"time pos-right price-without-decimal\">\/m\u00eas<\/span><\/div><\/div><ul class=\"list-group\"><li class=\"list-group-item normal-row\">Mais de 50 clientes ativos<\/li><\/ul><div class=\"panel-footer footer-row\"><div class=\"fusion-button-wrapper\"><a class=\"fusion-button button-3d fusion-button-default-size button-default fusion-button-default button-4 fusion-button-default-span fusion-button-default-type\" target=\"_self\" href=\"https:\/\/pt.asisges.com\/registro-profesionalChrome.aspx\"><span class=\"fusion-button-text\">Registe-se<br \/>\n1\u00ba M\u00eas Gratuito e Sem compromisso<\/span><\/a><\/div><\/div><\/div><\/div><\/div><\/div><div class=\"fusion-clearfix\"><\/div><\/div><\/div><div class=\"fusion-layout-column fusion_builder_column fusion-builder-column-2 fusion_builder_column_1_1 1_1 fusion-one-full fusion-column-first fusion-column-last fusion-column-no-min-height\" style=\"--awb-bg-size:cover;--awb-margin-bottom:0px;\"><div class=\"fusion-column-wrapper fusion-flex-column-wrapper-legacy\"><div class=\"fusion-section-separator section-separator triangle fusion-section-separator-1\" style=\"--awb-border-top:1px solid #f6f6f6;--awb-spacer-height:1px;--awb-svg-margin-left:0;--awb-svg-margin-right:0;--awb-icon-color:#ffffff;\"><div class=\"fusion-section-separator-svg\"><div class=\"divider-candy-arrow top\" style=\"bottom:0px;border-bottom-color: #f6f6f6;\"><\/div><div class=\"divider-candy top\" style=\"top:-21px;border-bottom:1px solid #f6f6f6;border-left:1px solid #f6f6f6;\"><\/div><\/div><div class=\"fusion-section-separator-spacer\"><div class=\"fusion-section-separator-spacer-height\"><\/div><\/div><\/div><div class=\"fusion-text fusion-text-2\"><h4 style=\"text-align: center;\">Pre\u00e7os\u00a0IVA n\u00e3o inclu\u00eddo<\/h4>\n<\/div><div class=\"fusion-sep-clear\"><\/div><div class=\"fusion-separator fusion-full-width-sep\" style=\"margin-left: auto;margin-right: auto;width:100%;\"><\/div><div class=\"fusion-sep-clear\"><\/div><div class=\"fusion-clearfix\"><\/div><\/div><\/div><div class=\"fusion-layout-column fusion_builder_column fusion-builder-column-3 fusion_builder_column_1_1 1_1 fusion-one-full fusion-column-first fusion-column-last fusion-column-no-min-height\" style=\"--awb-bg-size:cover;--awb-margin-bottom:0px;\"><div class=\"fusion-column-wrapper fusion-flex-column-wrapper-legacy\"><style type='text\/css'>\n\t\t\t\t.pricing-table-2 .panel-container, .pricing-table-2 .standout .panel-container,\n\t\t\t\t.pricing-table-2.full-boxed-pricing {background-color:#f8f8f8;}\n\t\t\t\t.pricing-table-2 .list-group .list-group-item,\n\t\t\t\t.pricing-table-2 .list-group .list-group-item:last-child{background-color:#ffffff; border-color:#f4ede2;}\n\t\t\t\t.pricing-table-2.full-boxed-pricing .panel-wrapper:hover .panel-heading,\n\t\t\t\t.pricing-table-2 .panel-wrapper:hover .list-group-item {background-color:#f8f8f8;}\n\t\t\t\t.pricing-table-2.full-boxed-pricing .panel-heading{background-color:#ffffff;}\n\t\t\t\t.pricing-table-2 .fusion-panel, .pricing-table-2 .panel-wrapper:last-child .fusion-panel,\n\t\t\t\t.pricing-table-2 .standout .fusion-panel, .pricing-table-2  .panel-heading,\n\t\t\t\t.pricing-table-2 .panel-body, .pricing-table-2 .panel-footer{border-color:#f4ede2;}\n\t\t\t\t.pricing-table-2 .panel-body,.pricing-table-2 .panel-footer{background-color:#f8f8f8;}\n\t\t\t\t.pricing-table-2.sep-boxed-pricing .panel-heading h3{color:#e2e9f4;}\n\t\t\t\t.pricing-table-2.full-boxed-pricing.fusion-pricing-table .panel-heading h3{color:#a86f15;}\n\t\t\t\t.pricing-table-2.fusion-pricing-table .panel-body .price .decimal-part{color:#154ea8;}\n\t\t\t\t.pricing-table-2.fusion-pricing-table .panel-body .price .integer-part{color:#154ea8;}\n\t\t\t\t.pricing-table-2 ul.list-group li{color:#154ea8;}\n\t\t\t\t<\/style><div class=\"fusion-pricing-table pricing-table-2 sep-boxed-pricing row fusion-columns-1 columns-1 fusion-clearfix\">\n<div class=\"panel-wrapper fusion-column column col-lg-12 col-md-12 col-sm-12 fusion-pricingtable-column\"><div class=\"panel-container\"><div class=\"fusion-panel\"><div class=\"panel-heading\"><h3 class=\"title-row\">Servi\u00e7o de Suporte Online<\/h3><\/div>\n<ul class=\"list-group\"><li class=\"list-group-item normal-row\">Para que possa tirar o m\u00e1ximo partido da aplica\u00e7\u00e3o e resolver todas as d\u00favidas do dia a dia criamos um servi\u00e7o de suporte online.<\/li>\n<div class=\"panel-body pricing-row\"><div class=\"price \"><span class=\"integer-part\">+30<\/span><span class=\"currency pos-right price-without-decimal\">\u20ac<\/span><span class=\"time pos-right price-without-decimal\">\/m\u00eas<\/span><\/div><\/div>\n<li class=\"list-group-item normal-row\">Ainda que opcional a contrata\u00e7\u00e3o deste servi\u00e7o \u00e9 bastante recomendada.<\/li>\n<\/ul><div class=\"panel-footer footer-row\">Os clientes que contratem servi\u00e7os de forma\u00e7\u00e3o t\u00eam este servi\u00e7o inclu\u00eddo durante 3 ou 6 meses.<\/div><\/div><\/div><\/div>\n<\/div><div class=\"fusion-clearfix\"><\/div><\/div><\/div><div class=\"fusion-layout-column fusion_builder_column fusion-builder-column-4 fusion_builder_column_1_1 1_1 fusion-one-full fusion-column-first fusion-column-last fusion-column-no-min-height\" style=\"--awb-bg-size:cover;--awb-margin-bottom:0px;\"><div class=\"fusion-column-wrapper fusion-flex-column-wrapper-legacy\"><div class=\"fusion-section-separator section-separator triangle fusion-section-separator-2\" style=\"--awb-border-top:1px solid #f6f6f6;--awb-spacer-height:1px;--awb-svg-margin-left:0;--awb-svg-margin-right:0;--awb-icon-color:#ffffff;\"><div class=\"fusion-section-separator-svg\"><div class=\"divider-candy-arrow top\" style=\"bottom:0px;border-bottom-color: #f6f6f6;\"><\/div><div class=\"divider-candy top\" style=\"top:-21px;border-bottom:1px solid #f6f6f6;border-left:1px solid #f6f6f6;\"><\/div><\/div><div class=\"fusion-section-separator-spacer\"><div class=\"fusion-section-separator-spacer-height\"><\/div><\/div><\/div><div class=\"fusion-text fusion-text-3\"><h4 style=\"text-align: center;\">Pre\u00e7os\u00a0IVA n\u00e3o inclu\u00eddo<\/h4>\n<\/div><div class=\"fusion-sep-clear\"><\/div><div class=\"fusion-separator fusion-full-width-sep\" style=\"margin-left: auto;margin-right: auto;width:100%;\"><\/div><div class=\"fusion-sep-clear\"><\/div><div class=\"fusion-clearfix\"><\/div><\/div><\/div><div class=\"fusion-layout-column fusion_builder_column fusion-builder-column-5 fusion_builder_column_1_1 1_1 fusion-one-full fusion-column-first fusion-column-last fusion-column-no-min-height\" style=\"--awb-bg-size:cover;--awb-margin-bottom:0px;\"><div class=\"fusion-column-wrapper fusion-flex-column-wrapper-legacy\"><div class=\"fusion-alert alert notice alert-warning fusion-alert-center fusion-alert-capitalize awb-alert-native-link-color alert-dismissable awb-alert-close-boxed alert-shadow\" role=\"alert\"><div class=\"fusion-alert-content-wrapper\"><span class=\"alert-icon\"><i class=\"awb-icon-cog\" aria-hidden=\"true\"><\/i><\/span><span class=\"fusion-alert-content\"><h3>Servi\u00e7os Extra\u00a0ASISGES<sup>\u00ae<\/sup>.<\/h3>\n<p>A Gest\u00e3o de um Servi\u00e7o de Apoio Domicili\u00e1rio \u00e9 uma atividade exigente e complexa com diversos requisitos de funcionamento operacionais e legais. Ainda que ASISGES<sup>\u00ae<\/sup> seja um software de gest\u00e3o muito intuitivo e de f\u00e1cil utiliza\u00e7\u00e3o ser\u00e1 sempre conveniente, para <strong>maximizar a sua experi\u00eancia de utiliza\u00e7\u00e3o e produtividade,<\/strong> realizar uma <strong>parametriza\u00e7\u00e3o correta adaptada \u00e0 realidade da sua empresa<\/strong> assim como uma <strong>forma\u00e7\u00e3o personalizada<\/strong> para todos os utilizadores.<\/span><\/div><button type=\"button\" class=\"close toggle-alert\" data-dismiss=\"alert\" aria-label=\"Close\">&times;<\/button><\/div><div class=\"fusion-sep-clear\"><\/div><div class=\"fusion-separator fusion-full-width-sep\" style=\"margin-left: auto;margin-right: auto;width:100%;\"><\/div><div class=\"fusion-sep-clear\"><\/div><div class=\"fusion-clearfix\"><\/div><\/div><\/div><div class=\"fusion-layout-column fusion_builder_column fusion-builder-column-6 fusion_builder_column_1_1 1_1 fusion-one-full fusion-column-first fusion-column-last fusion-column-no-min-height\" style=\"--awb-bg-size:cover;--awb-margin-bottom:0px;\"><div class=\"fusion-column-wrapper fusion-flex-column-wrapper-legacy\"><style type='text\/css'>\n\t\t\t\t.pricing-table-3 .panel-container, .pricing-table-3 .standout .panel-container,\n\t\t\t\t.pricing-table-3.full-boxed-pricing {background-color:#f8f8f8;}\n\t\t\t\t.pricing-table-3 .list-group .list-group-item,\n\t\t\t\t.pricing-table-3 .list-group .list-group-item:last-child{background-color:#ffffff; border-color:#f4ede2;}\n\t\t\t\t.pricing-table-3.full-boxed-pricing .panel-wrapper:hover .panel-heading,\n\t\t\t\t.pricing-table-3 .panel-wrapper:hover .list-group-item {background-color:#f8f8f8;}\n\t\t\t\t.pricing-table-3.full-boxed-pricing .panel-heading{background-color:#ffffff;}\n\t\t\t\t.pricing-table-3 .fusion-panel, .pricing-table-3 .panel-wrapper:last-child .fusion-panel,\n\t\t\t\t.pricing-table-3 .standout .fusion-panel, .pricing-table-3  .panel-heading,\n\t\t\t\t.pricing-table-3 .panel-body, .pricing-table-3 .panel-footer{border-color:#f4ede2;}\n\t\t\t\t.pricing-table-3 .panel-body,.pricing-table-3 .panel-footer{background-color:#f8f8f8;}\n\t\t\t\t.pricing-table-3.sep-boxed-pricing .panel-heading h3{color:#e2e9f4;}\n\t\t\t\t.pricing-table-3.full-boxed-pricing.fusion-pricing-table .panel-heading h3{color:#a86f15;}\n\t\t\t\t.pricing-table-3.fusion-pricing-table .panel-body .price .decimal-part{color:#154ea8;}\n\t\t\t\t.pricing-table-3.fusion-pricing-table .panel-body .price .integer-part{color:#154ea8;}\n\t\t\t\t.pricing-table-3 ul.list-group li{color:#154ea8;}\n\t\t\t\t<\/style><div class=\"fusion-pricing-table pricing-table-3 sep-boxed-pricing row fusion-columns-2 columns-2 fusion-clearfix\">\n<div class=\"panel-wrapper fusion-column column col-lg-6 col-md-6 col-sm-6 fusion-pricingtable-column\"><div class=\"panel-container\"><div class=\"fusion-panel\"><div class=\"panel-heading\"><h3 class=\"title-row\">Pack Forma\u00e7\u00e3o Base<\/h3><\/div>\n<ul class=\"list-group\"><li class=\"list-group-item normal-row\">Instala\u00e7\u00e3o + Parametriza\u00e7\u00e3o +<br \/>\nForma\u00e7\u00e3o Asisges<sup>\u00ae<\/sup><\/li>\n<li class=\"list-group-item normal-row\">Instala\u00e7\u00e3o da aplica\u00e7\u00e3o e parametriza\u00e7\u00e3o inicial.<br \/>\n8 Horas de Forma\u00e7\u00e3o Asisges<sup>\u00ae<\/sup><br \/>\n====<br \/>\n====<\/li>\n<li class=\"list-group-item normal-row\"><strong>595\u20ac<\/strong>. Pago uma \u00fanica vez.<\/li>\n<\/ul><div class=\"panel-footer footer-row\">Inclui oferta Suporte Online por <strong>3 meses<\/strong>.<\/div><\/div><\/div><\/div>\n<div class=\"panel-wrapper fusion-column column col-lg-6 col-md-6 col-sm-6 fusion-pricingtable-column\"><div class=\"panel-container\"><div class=\"fusion-panel\"><div class=\"panel-heading\"><h3 class=\"title-row\">Pack Forma\u00e7\u00e3o Gest\u00e3o SAD<\/h3><\/div>\n<ul class=\"list-group\"><li class=\"list-group-item normal-row\">Instala\u00e7\u00e3o + Parametriza\u00e7\u00e3o+ Personaliza\u00e7\u00e3o + Forma\u00e7\u00e3o Asisges<sup>\u00ae<\/sup> + Forma\u00e7\u00e3o Gest\u00e3o SAD<\/li>\n<li class=\"list-group-item normal-row\">Instala\u00e7\u00e3o da aplica\u00e7\u00e3o e parametriza\u00e7\u00e3o inicial. Introdu\u00e7\u00e3o de toda a base de dados do cliente, clientes, pessoal, fornecedores assim como toda a personaliza\u00e7\u00e3o da aplica\u00e7\u00e3o, (At\u00e9 100 clientes). 8 Horas Forma\u00e7\u00e3o Asisges<sup>\u00ae<\/sup> + 8 Horas Forma\u00e7\u00e3o Gest\u00e3o Servi\u00e7o Apoio Domicili\u00e1rio<\/li>\n<li class=\"list-group-item normal-row\"><strong>1790\u20ac<\/strong>. Pago uma \u00fanica vez.<\/li>\n<\/ul><div class=\"panel-footer footer-row\">Inclui oferta Suporte Online por <strong>6 meses<\/strong>.<\/div><\/div><\/div><\/div>\n<\/div><div class=\"fusion-clearfix\"><\/div><\/div><\/div><div class=\"fusion-layout-column fusion_builder_column fusion-builder-column-7 fusion_builder_column_1_1 1_1 fusion-one-full fusion-column-first fusion-column-last fusion-column-no-min-height\" style=\"--awb-bg-size:cover;--awb-margin-bottom:0px;\"><div class=\"fusion-column-wrapper fusion-flex-column-wrapper-legacy\"><div class=\"fusion-section-separator section-separator triangle fusion-section-separator-3\" style=\"--awb-border-top:1px solid #f6f6f6;--awb-spacer-height:1px;--awb-svg-margin-left:0;--awb-svg-margin-right:0;--awb-icon-color:#ffffff;\"><div class=\"fusion-section-separator-svg\"><div class=\"divider-candy-arrow top\" style=\"bottom:0px;border-bottom-color: #f6f6f6;\"><\/div><div class=\"divider-candy top\" style=\"top:-21px;border-bottom:1px solid #f6f6f6;border-left:1px solid #f6f6f6;\"><\/div><\/div><div class=\"fusion-section-separator-spacer\"><div class=\"fusion-section-separator-spacer-height\"><\/div><\/div><\/div><div class=\"fusion-text fusion-text-4\"><h4 style=\"text-align: center;\">Pre\u00e7os\u00a0IVA n\u00e3o inclu\u00eddo<\/h4>\n<\/div><div class=\"fusion-clearfix\"><\/div><\/div><\/div><\/div><\/div>\n","protected":false},"excerpt":{"rendered":"","protected":false},"author":1,"featured_media":0,"parent":0,"menu_order":7,"comment_status":"closed","ping_status":"closed","template":"","meta":{"footnotes":""},"yoast_head":"<!-- This site is optimized with the Yoast SEO plugin v22.4 - https:\/\/yoast.com\/wordpress\/plugins\/seo\/ -->\n<title>Planos &#060; asisges.com<\/title>\n<meta name=\"robots\" content=\"index, follow, max-snippet:-1, max-image-preview:large, max-video-preview:-1\" \/>\n<link rel=\"canonical\" href=\"https:\/\/www.asisges.com\/pt-pt\/planos\/\" \/>\n<meta property=\"og:locale\" content=\"pt_PT\" \/>\n<meta property=\"og:type\" content=\"article\" \/>\n<meta property=\"og:title\" content=\"Planos &#060; asisges.com\" \/>\n<meta property=\"og:url\" content=\"https:\/\/www.asisges.com\/pt-pt\/planos\/\" \/>\n<meta property=\"og:site_name\" content=\"asisges.com\" \/>\n<meta property=\"article:publisher\" content=\"https:\/\/www.facebook.com\/asisges\" \/>\n<meta property=\"article:modified_time\" content=\"2024-01-04T20:44:35+00:00\" \/>\n<meta name=\"twitter:card\" content=\"summary_large_image\" \/>\n<meta name=\"twitter:site\" content=\"@asisges\" \/>\n<meta name=\"twitter:label1\" content=\"Tempo estimado de leitura\" \/>\n\t<meta name=\"twitter:data1\" content=\"2 minutos\" \/>\n<script type=\"application\/ld+json\" class=\"yoast-schema-graph\">{\"@context\":\"https:\/\/schema.org\",\"@graph\":[{\"@type\":\"WebPage\",\"@id\":\"https:\/\/www.asisges.com\/pt-pt\/planos\/\",\"url\":\"https:\/\/www.asisges.com\/pt-pt\/planos\/\",\"name\":\"Planos &#060; asisges.com\",\"isPartOf\":{\"@id\":\"https:\/\/www.asisges.com\/pt-pt\/#website\"},\"datePublished\":\"2016-09-01T00:00:51+00:00\",\"dateModified\":\"2024-01-04T20:44:35+00:00\",\"breadcrumb\":{\"@id\":\"https:\/\/www.asisges.com\/pt-pt\/planos\/#breadcrumb\"},\"inLanguage\":\"pt-PT\",\"potentialAction\":[{\"@type\":\"ReadAction\",\"target\":[\"https:\/\/www.asisges.com\/pt-pt\/planos\/\"]}]},{\"@type\":\"BreadcrumbList\",\"@id\":\"https:\/\/www.asisges.com\/pt-pt\/planos\/#breadcrumb\",\"itemListElement\":[{\"@type\":\"ListItem\",\"position\":1,\"name\":\"In\u00edcio\",\"item\":\"https:\/\/www.asisges.com\/pt-pt\/\"},{\"@type\":\"ListItem\",\"position\":2,\"name\":\"Planos\"}]},{\"@type\":\"WebSite\",\"@id\":\"https:\/\/www.asisges.com\/pt-pt\/#website\",\"url\":\"https:\/\/www.asisges.com\/pt-pt\/\",\"name\":\"asisges.com\",\"description\":\"Plataforma para SAD\",\"potentialAction\":[{\"@type\":\"SearchAction\",\"target\":{\"@type\":\"EntryPoint\",\"urlTemplate\":\"https:\/\/www.asisges.com\/pt-pt\/?s={search_term_string}\"},\"query-input\":\"required name=search_term_string\"}],\"inLanguage\":\"pt-PT\"}]}<\/script>\n<!-- \/ Yoast SEO plugin. -->","yoast_head_json":{"title":"Planos &#060; asisges.com","robots":{"index":"index","follow":"follow","max-snippet":"max-snippet:-1","max-image-preview":"max-image-preview:large","max-video-preview":"max-video-preview:-1"},"canonical":"https:\/\/www.asisges.com\/pt-pt\/planos\/","og_locale":"pt_PT","og_type":"article","og_title":"Planos &#060; asisges.com","og_url":"https:\/\/www.asisges.com\/pt-pt\/planos\/","og_site_name":"asisges.com","article_publisher":"https:\/\/www.facebook.com\/asisges","article_modified_time":"2024-01-04T20:44:35+00:00","twitter_card":"summary_large_image","twitter_site":"@asisges","twitter_misc":{"Tempo estimado de leitura":"2 minutos"},"schema":{"@context":"https:\/\/schema.org","@graph":[{"@type":"WebPage","@id":"https:\/\/www.asisges.com\/pt-pt\/planos\/","url":"https:\/\/www.asisges.com\/pt-pt\/planos\/","name":"Planos &#060; asisges.com","isPartOf":{"@id":"https:\/\/www.asisges.com\/pt-pt\/#website"},"datePublished":"2016-09-01T00:00:51+00:00","dateModified":"2024-01-04T20:44:35+00:00","breadcrumb":{"@id":"https:\/\/www.asisges.com\/pt-pt\/planos\/#breadcrumb"},"inLanguage":"pt-PT","potentialAction":[{"@type":"ReadAction","target":["https:\/\/www.asisges.com\/pt-pt\/planos\/"]}]},{"@type":"BreadcrumbList","@id":"https:\/\/www.asisges.com\/pt-pt\/planos\/#breadcrumb","itemListElement":[{"@type":"ListItem","position":1,"name":"In\u00edcio","item":"https:\/\/www.asisges.com\/pt-pt\/"},{"@type":"ListItem","position":2,"name":"Planos"}]},{"@type":"WebSite","@id":"https:\/\/www.asisges.com\/pt-pt\/#website","url":"https:\/\/www.asisges.com\/pt-pt\/","name":"asisges.com","description":"Plataforma para SAD","potentialAction":[{"@type":"SearchAction","target":{"@type":"EntryPoint","urlTemplate":"https:\/\/www.asisges.com\/pt-pt\/?s={search_term_string}"},"query-input":"required name=search_term_string"}],"inLanguage":"pt-PT"}]}},"_links":{"self":[{"href":"https:\/\/www.asisges.com\/pt-pt\/wp-json\/wp\/v2\/pages\/709"}],"collection":[{"href":"https:\/\/www.asisges.com\/pt-pt\/wp-json\/wp\/v2\/pages"}],"about":[{"href":"https:\/\/www.asisges.com\/pt-pt\/wp-json\/wp\/v2\/types\/page"}],"author":[{"embeddable":true,"href":"https:\/\/www.asisges.com\/pt-pt\/wp-json\/wp\/v2\/users\/1"}],"replies":[{"embeddable":true,"href":"https:\/\/www.asisges.com\/pt-pt\/wp-json\/wp\/v2\/comments?post=709"}],"version-history":[{"count":0,"href":"https:\/\/www.asisges.com\/pt-pt\/wp-json\/wp\/v2\/pages\/709\/revisions"}],"wp:attachment":[{"href":"https:\/\/www.asisges.com\/pt-pt\/wp-json\/wp\/v2\/media?parent=709"}],"curies":[{"name":"wp","href":"https:\/\/api.w.org\/{rel}","templated":true}]}}