{"id":686,"date":"2016-03-09T22:10:43","date_gmt":"2016-03-09T22:10:43","guid":{"rendered":"https:\/\/www.asisges.com\/pt-pt\/?page_id=686"},"modified":"2020-11-10T08:10:08","modified_gmt":"2020-11-10T08:10:08","slug":"portaldofamiliar","status":"publish","type":"page","link":"https:\/\/www.asisges.com\/pt-pt\/portaldofamiliar\/","title":{"rendered":"O Portal do Familiar"},"content":{"rendered":"<div class=\"fusion-fullwidth fullwidth-box fusion-builder-row-1 hundred-percent-fullwidth non-hundred-percent-height-scrolling\" style=\"--awb-border-radius-top-left:0px;--awb-border-radius-top-right:0px;--awb-border-radius-bottom-right:0px;--awb-border-radius-bottom-left:0px;--awb-overflow:visible;--awb-flex-wrap:wrap;\" ><div class=\"fusion-builder-row fusion-row\"><div class=\"fusion-layout-column fusion_builder_column fusion-builder-column-0 fusion_builder_column_1_1 1_1 fusion-one-full fusion-column-first fusion-column-last fusion-column-no-min-height\" style=\"--awb-bg-size:cover;--awb-margin-bottom:0px;\"><div class=\"fusion-column-wrapper fusion-flex-column-wrapper-legacy\"><div class=\"fusion-title title fusion-title-1 fusion-title-center fusion-title-text fusion-title-size-one\"><div class=\"title-sep-container title-sep-container-left\"><div class=\"title-sep sep-double sep-solid\" style=\"border-color:#e0dede;\"><\/div><\/div><span class=\"awb-title-spacer\"><\/span><h1 class=\"fusion-title-heading title-heading-center\" style=\"margin:0;\"><h1 style=\"text-align: center;\">O\u00a0Portal do Familiar<sup>\u00ae<\/sup><\/h1><\/h1><span class=\"awb-title-spacer\"><\/span><div class=\"title-sep-container title-sep-container-right\"><div class=\"title-sep sep-double sep-solid\" style=\"border-color:#e0dede;\"><\/div><\/div><\/div><div class=\"fusion-text fusion-text-1\"><h3>Essencial para qualquer EMPRESA de Apoio ao domicilio.<\/h3>\n<p>O <strong>ASISGES<sup>\u00ae<\/sup><\/strong> \u00e9 a \u00fanica solu\u00e7\u00e3o de gest\u00e3o de apoio ao domicilio que disp\u00f5e d\u2019 O <strong>Portal do Familiar<\/strong>.<\/p>\n<p>Os familiares autorizados podem a <strong>partir do seu pr\u00f3prio domic\u00edlio<\/strong>, <strong>do seu trabalho ou a partir de qualquer lugar<\/strong> com liga\u00e7\u00e3o \u00e0 Internet-, <strong>consultar um resumo di\u00e1rio automatizado de diversa informa\u00e7\u00e3o de interesse sobre o utente<\/strong>.<\/p>\n<p>Gra\u00e7as a\u2019 O Portal do Familiar, <strong>poupar\u00e1 tempo e recursos dedicados a tarefas informativas<\/strong>, j\u00e1 que \u00e9 r\u00e1pido e autom\u00e1tico. Por seu lado, os familiares n\u00e3o necessitar\u00e3o de deslocar-se nem telefonar para terem acesso a esta informa\u00e7\u00e3o di\u00e1ria.<\/p>\n<p>A sua empresa de servi\u00e7os de apoio ao domicilio oferecer\u00e1 um <strong>servi\u00e7o acrescentado de qualidade<\/strong>, ganhando assim <strong>afinidade, confian\u00e7a e notoriedade entre os pr\u00f3prios utentes e os seus familiares<\/strong>. O Portal do Familiar permite conhecer a partir da Internet a situa\u00e7\u00e3o de um utente e a sua evolu\u00e7\u00e3o em diferentes aspectos como podem ser alimenta\u00e7\u00e3o, medica\u00e7\u00e3o, tratamentos, etc. S\u00f3 podem aceder os familiares autorizados <strong>respeitando em todo o momento a lei de protec\u00e7\u00e3o de dados<\/strong> pessoais.<\/p>\n<p>Pode optar-se por usufruir d\u2019 O Portal do Familiar ou n\u00e3o, dependendo das prefer\u00eancias e das necessidades de cada um. Esta funcionalidade \u00e9 totalmente inovadora e s\u00e3o os pr\u00f3prios familiares quem come\u00e7a a solicitar este servi\u00e7o.<\/p>\n<p>Al\u00e9m de ser uma ferramenta de consulta, os familiares podem tamb\u00e9m enviar mensagens ao respons\u00e1vel. Do mesmo modo, este pode enviar aos familiares dos utentes comunica\u00e7\u00f5es atrav\u00e9s da aplica\u00e7\u00e3o ou via correio electr\u00f3nico.<\/p>\n<\/div><div class=\"fusion-clearfix\"><\/div><\/div><\/div><div class=\"fusion-layout-column fusion_builder_column fusion-builder-column-1 fusion_builder_column_1_1 1_1 fusion-one-full fusion-column-first fusion-column-last fusion-column-no-min-height\" style=\"--awb-bg-size:cover;--awb-margin-bottom:0px;\"><div class=\"fusion-column-wrapper fusion-flex-column-wrapper-legacy\"><div class=\"fusion-title title fusion-title-2 fusion-title-center fusion-title-text fusion-title-size-two\"><div class=\"title-sep-container title-sep-container-left\"><div class=\"title-sep sep-double sep-solid\" style=\"border-color:#e0dede;\"><\/div><\/div><span class=\"awb-title-spacer\"><\/span><h2 class=\"fusion-title-heading title-heading-center\" style=\"margin:0;\">Benef\u00edcios d\u2019 O Portal do Familiar<\/h2><span class=\"awb-title-spacer\"><\/span><div class=\"title-sep-container title-sep-container-right\"><div class=\"title-sep sep-double sep-solid\" style=\"border-color:#e0dede;\"><\/div><\/div><\/div><div class=\"fusion-clearfix\"><\/div><\/div><\/div><div class=\"fusion-layout-column fusion_builder_column fusion-builder-column-2 fusion_builder_column_1_1 1_1 fusion-one-full fusion-column-first fusion-column-last fusion-column-no-min-height\" style=\"--awb-bg-size:cover;--awb-margin-bottom:0px;\"><div class=\"fusion-column-wrapper fusion-flex-column-wrapper-legacy\"><ul style=\"--awb-size:13px;--awb-line-height:22.1px;--awb-icon-width:22.1px;--awb-icon-height:22.1px;--awb-icon-margin:9.1px;--awb-content-margin:31.2px;--awb-circlecolor:#1a80b6;--awb-circle-yes-font-size:11.44px;\" class=\"fusion-checklist fusion-checklist-1 fusion-checklist-default type-icons\"><li class=\"fusion-li-item\" style=\"\"><span class=\"icon-wrapper circle-yes\"><i class=\"fusion-li-icon fa fa-check\" aria-hidden=\"true\"><\/i><\/span><div class=\"fusion-li-item-content\"><strong>Melhora a comunica\u00e7\u00e3o<\/strong> entre os familiares dos utentes e a empresa de apoio ao domicilio.<\/div><\/li><li class=\"fusion-li-item\" style=\"\"><span class=\"icon-wrapper circle-yes\"><i class=\"fusion-li-icon fa fa-check\" aria-hidden=\"true\"><\/i><\/span><div class=\"fusion-li-item-content\"><strong>Reduz os tempos<\/strong> de consulta e a <strong>carga de trabalho<\/strong> dos profissionais.<\/div><\/li><li class=\"fusion-li-item\" style=\"\"><span class=\"icon-wrapper circle-yes\"><i class=\"fusion-li-icon fa fa-check\" aria-hidden=\"true\"><\/i><\/span><div class=\"fusion-li-item-content\">Facilita o <strong>seguimento<\/strong> do dia a dia e da <strong>evolu\u00e7\u00e3o do utente<\/strong> para os familiares que vivam a grande dist\u00e2ncia ou que n\u00e3o possam deslocar-se com facilidade.<\/div><\/li><li class=\"fusion-li-item\" style=\"\"><span class=\"icon-wrapper circle-yes\"><i class=\"fusion-li-icon fa fa-check\" aria-hidden=\"true\"><\/i><\/span><div class=\"fusion-li-item-content\">Aumenta a <strong>qualidade do servi\u00e7o e a confian\u00e7a dos familiares<\/strong> na gest\u00e3o, e nos profissionais que est\u00e3o de forma continua a cuidar dos utentes.<\/div><\/li><li class=\"fusion-li-item\" style=\"\"><span class=\"icon-wrapper circle-yes\"><i class=\"fusion-li-icon fa fa-check\" aria-hidden=\"true\"><\/i><\/span><div class=\"fusion-li-item-content\">Tarifa O Portal do Familiar: O <strong>Portal do Familiar \u00e9 gratuito<\/strong> para todos os utilizadores da aplica\u00e7\u00e3o <strong>ASISGES<sup>\u00ae<\/sup><\/strong><\/div><\/li><li class=\"fusion-li-item\" style=\"\"><span class=\"icon-wrapper circle-yes\"><i class=\"fusion-li-icon fa fa-check\" aria-hidden=\"true\"><\/i><\/span><div class=\"fusion-li-item-content\">Contratar O Portal do Familiar: Para poder utilizar O Portal do Familiar, se for a empresa SAD, por favor registe-se na aplica\u00e7\u00e3o Asisges. Se for um familiar de algum utente, dever\u00e1 solicitar o acesso ao Portal do Familiar \u00e0 sua empresa de apoio ao domicilio.<\/div><\/li><\/ul><div class=\"fusion-clearfix\"><\/div><\/div><\/div><div class=\"fusion-layout-column fusion_builder_column fusion-builder-column-3 fusion_builder_column_1_1 1_1 fusion-one-full fusion-column-first fusion-column-last fusion-column-no-min-height\" style=\"--awb-bg-size:cover;--awb-margin-bottom:0px;\"><div class=\"fusion-column-wrapper fusion-flex-column-wrapper-legacy\"><div class=\"fusion-sharing-box fusion-sharing-box-1 has-taglines layout-floated layout-medium-floated layout-small-floated\" style=\"background-color:#e2e9f4;--awb-layout:row;--awb-alignment-small:space-between;\" data-title=\"O Portal do Familiar\" data-description=\"O\u00a0Portal do Familiar\u00ae \r\nEssencial para qualquer EMPRESA de Apoio ao domicilio.\r\nO ASISGES\u00ae \u00e9 a \u00fanica solu\u00e7\u00e3o de gest\u00e3o de apoio ao domicilio que disp\u00f5e d\u2019 O Portal do Familiar.\r\n\r\nOs familiares autorizados podem a partir do seu pr\u00f3prio domic\u00edlio, do seu trabalho ou a partir de qualquer lugar com liga\u00e7\u00e3o \u00e0 Internet-, consultar um\" data-link=\"https:\/\/www.asisges.com\/pt-pt\/portaldofamiliar\/\"><h4 class=\"tagline\" style=\"color:#154ea8;\">Compartilhe em suas redes sociais<\/h4><div class=\"fusion-social-networks sharingbox-shortcode-icon-wrapper sharingbox-shortcode-icon-wrapper-1\"><span><a href=\"https:\/\/www.facebook.com\/sharer.php?u=https%3A%2F%2Fwww.asisges.com%2Fpt-pt%2Fportaldofamiliar%2F&amp;t=O%20Portal%20do%20Familiar\" target=\"_blank\" rel=\"noreferrer\" title=\"Facebook\" aria-label=\"Facebook\" data-placement=\"top\" data-toggle=\"tooltip\" data-title=\"Facebook\"><i class=\"fusion-social-network-icon fusion-tooltip fusion-facebook awb-icon-facebook\" style=\"color:#a86f15;\" aria-hidden=\"true\"><\/i><\/a><\/span><span><a href=\"https:\/\/twitter.com\/share?text=O%20Portal%20do%20Familiar&amp;url=https%3A%2F%2Fwww.asisges.com%2Fpt-pt%2Fportaldofamiliar%2F\" target=\"_blank\" rel=\"noopener noreferrer\" title=\"X\" aria-label=\"X\" data-placement=\"top\" data-toggle=\"tooltip\" data-title=\"X\"><i class=\"fusion-social-network-icon fusion-tooltip fusion-twitter awb-icon-twitter\" style=\"color:#a86f15;\" aria-hidden=\"true\"><\/i><\/a><\/span><span><a href=\"https:\/\/www.linkedin.com\/shareArticle?mini=true&amp;url=https%3A%2F%2Fwww.asisges.com%2Fpt-pt%2Fportaldofamiliar%2F&amp;title=O%20Portal%20do%20Familiar&amp;summary=O%C2%A0Portal%20do%20Familiar%C2%AE%20%0D%0AEssencial%20para%20qualquer%20EMPRESA%20de%20Apoio%20ao%20domicilio.%0D%0AO%20ASISGES%C2%AE%20%C3%A9%20a%20%C3%BAnica%20solu%C3%A7%C3%A3o%20de%20gest%C3%A3o%20de%20apoio%20ao%20domicilio%20que%20disp%C3%B5e%20d%E2%80%99%20O%20Portal%20do%20Familiar.%0D%0A%0D%0AOs%20familiares%20autorizados%20podem%20a%20partir%20do%20seu%20pr%C3%B3prio%20domic%C3%ADlio%2C%20do%20seu%20trabalho%20ou%20a%20partir%20de%20qualquer%20lugar%20com%20liga%C3%A7%C3%A3o%20%C3%A0%20Internet-%2C%20consultar%20um\" target=\"_blank\" rel=\"noopener noreferrer\" title=\"LinkedIn\" aria-label=\"LinkedIn\" data-placement=\"top\" data-toggle=\"tooltip\" data-title=\"LinkedIn\"><i class=\"fusion-social-network-icon fusion-tooltip fusion-linkedin awb-icon-linkedin\" style=\"color:#a86f15;\" aria-hidden=\"true\"><\/i><\/a><\/span><span><a href=\"mailto:?subject=O%20Portal%20do%20Familiar&amp;body=https%3A%2F%2Fwww.asisges.com%2Fpt-pt%2Fportaldofamiliar%2F\" target=\"_self\" title=\"Email (necess\u00e1rio mas n\u00e3o publicado)\" aria-label=\"Email (necess\u00e1rio mas n\u00e3o publicado)\" data-placement=\"top\" data-toggle=\"tooltip\" data-title=\"Email (necess\u00e1rio mas n\u00e3o publicado)\"><i class=\"fusion-social-network-icon fusion-tooltip fusion-mail awb-icon-mail\" style=\"color:#a86f15;\" aria-hidden=\"true\"><\/i><\/a><\/span><\/div><\/div><div class=\"fusion-clearfix\"><\/div><\/div><\/div><\/div><\/div>\n","protected":false},"excerpt":{"rendered":"","protected":false},"author":1,"featured_media":0,"parent":0,"menu_order":18,"comment_status":"closed","ping_status":"closed","template":"","meta":{"footnotes":""},"yoast_head":"<!-- This site is optimized with the Yoast SEO plugin v22.4 - https:\/\/yoast.com\/wordpress\/plugins\/seo\/ -->\n<title>O Portal do Familiar &#060; asisges.com<\/title>\n<meta name=\"robots\" content=\"index, follow, max-snippet:-1, max-image-preview:large, max-video-preview:-1\" \/>\n<link rel=\"canonical\" href=\"https:\/\/www.asisges.com\/pt-pt\/portaldofamiliar\/\" \/>\n<meta property=\"og:locale\" content=\"pt_PT\" \/>\n<meta property=\"og:type\" content=\"article\" \/>\n<meta property=\"og:title\" content=\"O Portal do Familiar &#060; asisges.com\" \/>\n<meta property=\"og:url\" content=\"https:\/\/www.asisges.com\/pt-pt\/portaldofamiliar\/\" \/>\n<meta property=\"og:site_name\" content=\"asisges.com\" \/>\n<meta property=\"article:publisher\" content=\"https:\/\/www.facebook.com\/asisges\" \/>\n<meta property=\"article:modified_time\" content=\"2020-11-10T08:10:08+00:00\" \/>\n<meta name=\"twitter:card\" content=\"summary_large_image\" \/>\n<meta name=\"twitter:site\" content=\"@asisges\" \/>\n<meta name=\"twitter:label1\" content=\"Tempo estimado de leitura\" \/>\n\t<meta name=\"twitter:data1\" content=\"5 minutos\" \/>\n<script type=\"application\/ld+json\" class=\"yoast-schema-graph\">{\"@context\":\"https:\/\/schema.org\",\"@graph\":[{\"@type\":\"WebPage\",\"@id\":\"https:\/\/www.asisges.com\/pt-pt\/portaldofamiliar\/\",\"url\":\"https:\/\/www.asisges.com\/pt-pt\/portaldofamiliar\/\",\"name\":\"O Portal do Familiar &#060; asisges.com\",\"isPartOf\":{\"@id\":\"https:\/\/www.asisges.com\/pt-pt\/#website\"},\"datePublished\":\"2016-03-09T22:10:43+00:00\",\"dateModified\":\"2020-11-10T08:10:08+00:00\",\"breadcrumb\":{\"@id\":\"https:\/\/www.asisges.com\/pt-pt\/portaldofamiliar\/#breadcrumb\"},\"inLanguage\":\"pt-PT\",\"potentialAction\":[{\"@type\":\"ReadAction\",\"target\":[\"https:\/\/www.asisges.com\/pt-pt\/portaldofamiliar\/\"]}]},{\"@type\":\"BreadcrumbList\",\"@id\":\"https:\/\/www.asisges.com\/pt-pt\/portaldofamiliar\/#breadcrumb\",\"itemListElement\":[{\"@type\":\"ListItem\",\"position\":1,\"name\":\"In\u00edcio\",\"item\":\"https:\/\/www.asisges.com\/pt-pt\/\"},{\"@type\":\"ListItem\",\"position\":2,\"name\":\"O Portal do Familiar\"}]},{\"@type\":\"WebSite\",\"@id\":\"https:\/\/www.asisges.com\/pt-pt\/#website\",\"url\":\"https:\/\/www.asisges.com\/pt-pt\/\",\"name\":\"asisges.com\",\"description\":\"Plataforma para SAD\",\"potentialAction\":[{\"@type\":\"SearchAction\",\"target\":{\"@type\":\"EntryPoint\",\"urlTemplate\":\"https:\/\/www.asisges.com\/pt-pt\/?s={search_term_string}\"},\"query-input\":\"required name=search_term_string\"}],\"inLanguage\":\"pt-PT\"}]}<\/script>\n<!-- \/ Yoast SEO plugin. -->","yoast_head_json":{"title":"O Portal do Familiar &#060; asisges.com","robots":{"index":"index","follow":"follow","max-snippet":"max-snippet:-1","max-image-preview":"max-image-preview:large","max-video-preview":"max-video-preview:-1"},"canonical":"https:\/\/www.asisges.com\/pt-pt\/portaldofamiliar\/","og_locale":"pt_PT","og_type":"article","og_title":"O Portal do Familiar &#060; asisges.com","og_url":"https:\/\/www.asisges.com\/pt-pt\/portaldofamiliar\/","og_site_name":"asisges.com","article_publisher":"https:\/\/www.facebook.com\/asisges","article_modified_time":"2020-11-10T08:10:08+00:00","twitter_card":"summary_large_image","twitter_site":"@asisges","twitter_misc":{"Tempo estimado de leitura":"5 minutos"},"schema":{"@context":"https:\/\/schema.org","@graph":[{"@type":"WebPage","@id":"https:\/\/www.asisges.com\/pt-pt\/portaldofamiliar\/","url":"https:\/\/www.asisges.com\/pt-pt\/portaldofamiliar\/","name":"O Portal do Familiar &#060; asisges.com","isPartOf":{"@id":"https:\/\/www.asisges.com\/pt-pt\/#website"},"datePublished":"2016-03-09T22:10:43+00:00","dateModified":"2020-11-10T08:10:08+00:00","breadcrumb":{"@id":"https:\/\/www.asisges.com\/pt-pt\/portaldofamiliar\/#breadcrumb"},"inLanguage":"pt-PT","potentialAction":[{"@type":"ReadAction","target":["https:\/\/www.asisges.com\/pt-pt\/portaldofamiliar\/"]}]},{"@type":"BreadcrumbList","@id":"https:\/\/www.asisges.com\/pt-pt\/portaldofamiliar\/#breadcrumb","itemListElement":[{"@type":"ListItem","position":1,"name":"In\u00edcio","item":"https:\/\/www.asisges.com\/pt-pt\/"},{"@type":"ListItem","position":2,"name":"O Portal do Familiar"}]},{"@type":"WebSite","@id":"https:\/\/www.asisges.com\/pt-pt\/#website","url":"https:\/\/www.asisges.com\/pt-pt\/","name":"asisges.com","description":"Plataforma para SAD","potentialAction":[{"@type":"SearchAction","target":{"@type":"EntryPoint","urlTemplate":"https:\/\/www.asisges.com\/pt-pt\/?s={search_term_string}"},"query-input":"required name=search_term_string"}],"inLanguage":"pt-PT"}]}},"_links":{"self":[{"href":"https:\/\/www.asisges.com\/pt-pt\/wp-json\/wp\/v2\/pages\/686"}],"collection":[{"href":"https:\/\/www.asisges.com\/pt-pt\/wp-json\/wp\/v2\/pages"}],"about":[{"href":"https:\/\/www.asisges.com\/pt-pt\/wp-json\/wp\/v2\/types\/page"}],"author":[{"embeddable":true,"href":"https:\/\/www.asisges.com\/pt-pt\/wp-json\/wp\/v2\/users\/1"}],"replies":[{"embeddable":true,"href":"https:\/\/www.asisges.com\/pt-pt\/wp-json\/wp\/v2\/comments?post=686"}],"version-history":[{"count":0,"href":"https:\/\/www.asisges.com\/pt-pt\/wp-json\/wp\/v2\/pages\/686\/revisions"}],"wp:attachment":[{"href":"https:\/\/www.asisges.com\/pt-pt\/wp-json\/wp\/v2\/media?parent=686"}],"curies":[{"name":"wp","href":"https:\/\/api.w.org\/{rel}","templated":true}]}}